{"id":876,"date":"2021-03-18T13:20:00","date_gmt":"2021-03-18T12:20:00","guid":{"rendered":"http:\/\/katamaran-indonesia.sggw.edu.pl\/?page_id=876"},"modified":"2026-03-27T13:56:46","modified_gmt":"2026-03-27T12:56:46","slug":"harmonogram","status":"publish","type":"page","link":"https:\/\/katamaran-indonesia.sggw.edu.pl\/pl\/harmonogram\/","title":{"rendered":"Harmonogram"},"content":{"rendered":"\t\t<div data-elementor-type=\"wp-page\" data-elementor-id=\"876\" class=\"elementor elementor-876\" data-elementor-post-type=\"page\">\n\t\t\t\t<div class=\"elementor-element elementor-element-ddefd3e e-flex e-con-boxed e-con e-parent\" data-id=\"ddefd3e\" data-element_type=\"container\">\n\t\t\t\t\t<div class=\"e-con-inner\">\n\t\t<div class=\"elementor-element elementor-element-612b207 e-con-full e-flex e-con e-child\" data-id=\"612b207\" data-element_type=\"container\">\n\t\t\t\t<div class=\"elementor-element elementor-element-20adcb3 elementor-widget elementor-widget-html\" data-id=\"20adcb3\" data-element_type=\"widget\" data-widget_type=\"html.default\">\n\t\t\t\t<div class=\"elementor-widget-container\">\n\t\t\t<script>jQuery(document).ready(function($) {\r\n    \/\/ Rozwijanie aktywnych podmenu\r\n    $('.elementor-nav-menu--dropdown .menu-item.current-menu-ancestor > ul.sub-menu').show();\r\n\r\n    \/\/ Klikni\u0119cie na element menu z podmenu\r\n    $('.elementor-nav-menu--dropdown .menu-item.has-submenu > a').on('click', function(e) {\r\n        e.preventDefault();\r\n        var $submenu = $(this).siblings('.sub-menu');\r\n        if ($submenu.is(':visible')) {\r\n            $submenu.slideUp();\r\n        } else {\r\n            $('.elementor-nav-menu--dropdown .sub-menu').slideUp();\r\n            $submenu.slideDown();\r\n        }\r\n    });\r\n});\r\n<\/script>\t\t<\/div>\n\t\t\t\t<\/div>\n\t\t\t\t<div class=\"elementor-element elementor-element-57e89c2 pionowe-menu elementor-nav-menu__text-align-aside elementor-widget elementor-widget-nav-menu\" data-id=\"57e89c2\" data-element_type=\"widget\" data-settings=\"{&quot;layout&quot;:&quot;dropdown&quot;,&quot;submenu_icon&quot;:{&quot;value&quot;:&quot;&lt;i class=\\&quot;fas fa-angle-down\\&quot;&gt;&lt;\\\/i&gt;&quot;,&quot;library&quot;:&quot;fa-solid&quot;}}\" data-widget_type=\"nav-menu.default\">\n\t\t\t\t<div class=\"elementor-widget-container\">\n\t\t\t\t\t\t<nav class=\"elementor-nav-menu--dropdown elementor-nav-menu__container\" aria-hidden=\"true\">\n\t\t\t\t<ul id=\"menu-2-57e89c2\" class=\"elementor-nav-menu\"><li class=\"menu-item menu-item-type-post_type menu-item-object-page menu-item-1256\"><a href=\"https:\/\/katamaran-indonesia.sggw.edu.pl\/pl\/o-wydziale\/\" class=\"elementor-item\" tabindex=\"-1\">O projekcie<\/a><\/li>\n<li class=\"menu-item menu-item-type-post_type menu-item-object-page menu-item-1255\"><a href=\"https:\/\/katamaran-indonesia.sggw.edu.pl\/pl\/harmonogram\/\" class=\"elementor-item\" tabindex=\"-1\">Harmonogram<\/a><\/li>\n<li class=\"menu-item menu-item-type-taxonomy menu-item-object-category menu-item-2073\"><a href=\"https:\/\/katamaran-indonesia.sggw.edu.pl\/pl\/category\/aktualnosci\/\" class=\"elementor-item\" tabindex=\"-1\">Aktualno\u015bci<\/a><\/li>\n<li class=\"menu-item menu-item-type-post_type menu-item-object-page menu-item-2395\"><a href=\"https:\/\/katamaran-indonesia.sggw.edu.pl\/pl\/zespol-projektowy\/\" class=\"elementor-item\" tabindex=\"-1\">Zesp\u00f3\u0142 projektowy<\/a><\/li>\n<li class=\"menu-item menu-item-type-post_type menu-item-object-page menu-item-2763\"><a href=\"https:\/\/katamaran-indonesia.sggw.edu.pl\/pl\/materialy-informacyjne\/\" class=\"elementor-item\" tabindex=\"-1\">Materia\u0142y Informacyjne<\/a><\/li>\n<\/ul>\t\t\t<\/nav>\n\t\t\t\t<\/div>\n\t\t\t\t<\/div>\n\t\t\t\t<\/div>\n\t\t<div class=\"elementor-element elementor-element-328c668 e-con-full e-flex e-con e-child\" data-id=\"328c668\" data-element_type=\"container\">\n\t\t\t\t<div class=\"elementor-element elementor-element-f043df2 elementor-widget elementor-widget-spacer\" data-id=\"f043df2\" data-element_type=\"widget\" data-widget_type=\"spacer.default\">\n\t\t\t\t<div class=\"elementor-widget-container\">\n\t\t\t\t\t<div class=\"elementor-spacer\">\n\t\t\t<div class=\"elementor-spacer-inner\"><\/div>\n\t\t<\/div>\n\t\t\t\t<\/div>\n\t\t\t\t<\/div>\n\t\t\t\t<div class=\"elementor-element elementor-element-84e6808 elementor-widget elementor-widget-heading\" data-id=\"84e6808\" data-element_type=\"widget\" data-widget_type=\"heading.default\">\n\t\t\t\t<div class=\"elementor-widget-container\">\n\t\t\t<h1 class=\"elementor-heading-title elementor-size-default\">Harmonogram<\/h1>\t\t<\/div>\n\t\t\t\t<\/div>\n\t\t\t\t<div class=\"elementor-element elementor-element-1052441 elementor-widget elementor-widget-html\" data-id=\"1052441\" data-element_type=\"widget\" data-widget_type=\"html.default\">\n\t\t\t\t<div class=\"elementor-widget-container\">\n\t\t\t<style>\r\n.responsive-table-container {\r\n    overflow-x: auto;\r\n    max-height: 20vh; \/* Mo\u017cna zwi\u0119kszy\u0107 dla lepszej widoczno\u015bci *\/\r\n    margin: 20px 0;\r\n    width: 100%;\r\n}\r\n\r\ntable {\r\n    width: 100%;\r\n    border-collapse: collapse;\r\n    font-size: 14px;\r\n    min-width: 1000px; \/* Wymusza poziomy scroll *\/\r\n    white-space: nowrap; \/* Zapobiega \u0142amaniu tekstu *\/\r\n}\r\n\r\nth, td {\r\n    border: 1px solid #ddd;\r\n    padding: 8px;\r\n    text-align: center;\r\n    vertical-align: top;\r\n}\r\n\r\nth {\r\n    background-color: #f4f4f4;\r\n    font-weight: bold;\r\n}\r\n\r\n@media screen and (max-width: 759px) {\r\n    th, td {\r\n        font-size: 12px;\r\n        padding: 5px;\r\n    }\r\n}\r\n<\/style>\r\n\r\n<div class=\"responsive-table-container\">\r\n    <table>\r\n        <thead>\r\n            <tr>\r\n                <th>Lp.<\/th>\r\n                <th>Rodzaj przyznanego wsparcia<\/th>\r\n                <th>Forma wsparcia (stacjonarnie\/zdalnie)<\/th>\r\n                <th>Nazwa\/temat wsparcia<\/th>\r\n                <th>Planowana liczba uczestnik\u00f3w wsparcia<\/th>\r\n                <th>Data rozpocz\u0119cia<\/th>\r\n                <th>Godzina rozpocz\u0119cia<\/th>\r\n                <th>Data zako\u0144czenia<\/th>\r\n                <th>Godzina zako\u0144czenia<\/th>\r\n                <th>Miejsce realizacji<\/th>\r\n            <\/tr>\r\n        <\/thead>\r\n        <tbody>\r\n            <tr>\r\n                <td>1<\/td>\r\n                <td>Krajowe szkolenie\/kurs<\/td>\r\n                <td>Zdalnie<\/td>\r\n                <td>Przygotowania do realizacji nowego programu studi\u00f3w z udzia\u0142em student\u00f3w zagranicznych - warsztaty na temat r\u00f3\u017cnic mi\u0119dzykulturowych\u00a0<\/td>\r\n                <td>12<\/td>\r\n                <td>08.03.2025<\/td>\r\n                <td>07:30<\/td>\r\n                <td>08.03.2025<\/td>\r\n                <td>12:00<\/td>\r\n                <td>Zdalnie<\/td>\r\n            <\/tr>\r\n            <tr>\r\n                <td>2<\/td>\r\n                <td>Krajowe szkolenie\/kurs<\/td>\r\n                <td>Zdalnie<\/td>\r\n                <td>Przygotowania do stosowania innowacyjnych, zorientowanych na studenta, metod kszta\u0142cenia - szkolenia dla kadry dydaktycznej\u00a0- szkolenie z przygotowania\r\nmateria\u0142\u00f3w e-learning w formule kohortowej.<\/td>\r\n                <td>12<\/td>\r\n                <td>23.05.2025<\/td>\r\n                <td>12:00<\/td>\r\n                <td>31.12.2025<\/td>\r\n                <td>20:00<\/td>\r\n                <td>Zdalnie<\/td>\r\n            <\/tr>\r\n            <tr>\r\n                <td>3<\/td>\r\n                <td>Krajowe szkolenie\/kurs<\/td>\r\n                <td>Stacjonarnie<\/td>\r\n                <td>Przygotowania do stosowania innowacyjnych, zorientowanych na studenta, metod kszta\u0142cenia - szkolenia dla kadry dydaktycznej\u00a0- szkolenia z przygotowania\r\nmateria\u0142\u00f3w do e-learning w formule kohortowej, szkolenie z przygotowania\r\nmateria\u0142\u00f3w e-learning Learning Battlecards , szkolenie z pilota\u017cu bez za\u0142ogowych statk\u00f3w powietrznych <\/td>\r\n                <td>12<\/td>\r\n                <td>26.06.2025<\/td>\r\n                <td>09:00<\/td>\r\n                <td>02.07.2025<\/td>\r\n                <td>16:00<\/td>\r\n                <td>SGGW, Warszawa<\/td>\r\n            <\/tr>\r\n            <tr>\r\n                <td>4<\/td>\r\n                <td>Krajowa wizyta studyjna<\/td>\r\n                <td>Stacjonarnie<\/td>\r\n                <td>Udzia\u0142 kadry bior\u0105cej udzia\u0142 w Projekcie w wizytach studyjnych w kraju lub za granic\u0105\u00a0<\/td>\r\n                <td>12<\/td>\r\n                <td>23.06.2025<\/td>\r\n                <td>09:00<\/td>\r\n                <td>02.07.2025<\/td>\r\n                <td>16:00<\/td>\r\n                <td>Warszawa, Ruciane, Zakopane, Krak\u00f3w<\/td>\r\n            <\/tr>\r\n            <tr>\r\n                <td>5<\/td>\r\n                <td>Zagraniczna wizyta studyjna<\/td>\r\n                <td>Stacjonarnie<\/td>\r\n                <td>Wizyty studyjne za granic\u0105<\/td>\r\n                <td>12<\/td>\r\n                <td>11.08.2025<\/td>\r\n                <td>09:00<\/td>\r\n                <td>15.08.2025<\/td>\r\n                <td>16:00<\/td>\r\n                <td>Indonezja: Bogor, Jakarta, Bandung, itp.<\/td>\r\n               \r\n            <\/tr>\r\n            <tr>\r\n                <td>6<\/td>\r\n                <td>krajowa wizyta studyjna<\/td>\r\n                <td>Stacjonarnie<\/td>\r\n                <td>Przeprowadzenie we wsp\u00f3\u0142pracy z zagraniczn\u0105 uczelni\u0105 ustale\u0144 odno\u015bnie wymaga\u0144 dla dyplomu podw\u00f3jnego i procesu dyplomowania<\/td>\r\n                <td>3<\/td>\r\n                <td>01.02.2025<\/td>\r\n                <td>18:00:00<\/td>\r\n                <td>06.02.2025<\/td>\r\n                <td>07:00:00<\/td>\r\n                <td>SGGW w Warszawie ul. Nowoursynowska 166, 02-787 Warszawa, Instytut Inzynierri \u015arodowiska, bud. 37<\/td>\r\n              \r\n            <\/tr>\r\n            <tr>\r\n                <td>7<\/td>\r\n                <td>Zagraniczna wizyta studyjna<\/td>\r\n                <td>Stacjonarnie<\/td>\r\n                <td>Przeprowadzenie we wsp\u00f3\u0142pracy z zagraniczn\u0105 uczelni\u0105 ustale\u0144 odno\u015bnie wymaga\u0144 dla dyplomu podw\u00f3jnego i procesu dyplomowania<\/td>\r\n                <td>3<\/td>\r\n                <td>18.02.2026<\/td>\r\n                <td>09:00<\/td>\r\n                <td>23.02.2026<\/td>\r\n                <td>06:40:00<\/td>\r\n                <td>Jl. Raya Darmaga Kampus IPB, Babakan, Kec. Dramaga, Kabupaten Bogor, Jawa Barat 16680, Indonezja, <\/td>\r\n                 <\/tr>\r\n            <tr>\r\n                <td>8<\/td>\r\n                <td>Krajowe szkolenie\/kurs<\/td>\r\n                <td>Stacjonarnie<\/td>\r\n                <td>Przygotowania kadry, kt\u00f3ra docelowo mia\u0142aby prowadzi\u0107 zaj\u0119cia na studiach - wewn\u0119trzne warsztaty<\/td>\r\n                <td>24<\/td>\r\n                <td>30.03.2026<\/td>\r\n                <td>09:00<\/td>\r\n                <td>30.03.2026<\/td>\r\n                <td>16:00<\/td>\r\n                <td>SGGW w Warszawie ul. Nowoursynowska 166, 02-787 Warszawa, Instytut Inzynierri \u015arodowiska, bud. 37<\/td>\r\n\r\n                 <\/tr>\r\n            <tr>\r\n                <td>9<\/td>\r\n                <td>Zagraniczne szkolenie\/kurs<\/td>\r\n                <td>Stacjonarnie<\/td>\r\n                <td>Przygotowania kadry, kt\u00f3ra docelowo mia\u0142aby prowadzi\u0107 zaj\u0119cia na studiach - wewn\u0119trzne warsztaty<\/td>\r\n                <td>12<\/td>\r\n                <td>30.03.2026<\/td>\r\n                <td>09:00<\/td>\r\n                <td>30.03.2026<\/td>\r\n                <td>16:00<\/td>\r\n                <td>Jl. Raya Darmaga Kampus IPB, Landscape Architecture Unit, Babakan, Kec. Dramaga, Kabupaten Bogor, Jawa Barat 16680, Indonezja, <\/td>\r\n                \r\n            <\/tr>\r\n        <\/tbody>\r\n    <\/table>\r\n<\/div>\r\n\r\n\t\t<\/div>\n\t\t\t\t<\/div>\n\t\t\t\t<div class=\"elementor-element elementor-element-bc633c7 elementor-widget elementor-widget-text-editor\" data-id=\"bc633c7\" data-element_type=\"widget\" data-widget_type=\"text-editor.default\">\n\t\t\t\t<div class=\"elementor-widget-container\">\n\t\t\t\t\t\t\t<p>Data sporz\u0105dzenia harmonogramu: 30.12.2024<\/p><p>Imi\u0119 i nazwisko osoby sporz\u0105dzaj\u0105cej harmonogram: Beata Gawryszewska<\/p><p>Telefon do kontaktu:\u00a0<a href=\"tel:+48225932215\">+48 22 593 22 15<\/a><\/p><p><a href=\"https:\/\/www.funduszeeuropejskie.gov.pl\/strony\/o-funduszach\/fundusze-na-lata-2021-2027\/prawo-i-dokumenty\/wytyczne\/wytyczne-dotyczace-monitorowania-postepu-rzeczowego-realizacji-programow-na-lata-2021-2027\/\" target=\"_blank\" rel=\"noopener\">*Uczestnik projektu \u2013 oznacza to uczestnika w rozumieniu wytycznych dotycz\u0105cych monitorowania post\u0119pu rzeczowego realizacji program\u00f3w na lata 2021\u20132027 (sekcja 3.1.3)<\/a><\/p>\t\t\t\t\t\t<\/div>\n\t\t\t\t<\/div>\n\t\t\t\t<\/div>\n\t\t\t\t\t<\/div>\n\t\t\t\t<\/div>\n\t\t<div class=\"elementor-element elementor-element-91d9db0 e-flex e-con-boxed e-con e-parent\" data-id=\"91d9db0\" data-element_type=\"container\">\n\t\t\t\t\t<div class=\"e-con-inner\">\n\t\t\t\t<div class=\"elementor-element elementor-element-3560619 elementor-widget elementor-widget-text-editor\" data-id=\"3560619\" data-element_type=\"widget\" data-widget_type=\"text-editor.default\">\n\t\t\t\t<div class=\"elementor-widget-container\">\n\t\t\t\t\t\t\t<p>Wsparcie jest finansowane ze \u015brodk\u00f3w Unii Europejskiej w ramach programu NAWA pn. KATAMARAN \u2013 Tworzenie i realizacja mi\u0119dzynarodowych program\u00f3w studi\u00f3w &#8211; nab\u00f3r 2024 (nr projektu FERS: FERS.01.05-IP.08-0436\/23)<\/p>\t\t\t\t\t\t<\/div>\n\t\t\t\t<\/div>\n\t\t\t\t<div class=\"elementor-element elementor-element-a03ea20 elementor-widget elementor-widget-image\" data-id=\"a03ea20\" data-element_type=\"widget\" data-widget_type=\"image.default\">\n\t\t\t\t<div class=\"elementor-widget-container\">\n\t\t\t\t\t\t\t\t\t\t\t\t\t<img fetchpriority=\"high\" decoding=\"async\" width=\"1153\" height=\"127\" src=\"https:\/\/katamaran-indonesia.sggw.edu.pl\/wp-content\/uploads\/sites\/187\/2024\/11\/logo-typy.webp\" class=\"attachment-full size-full wp-image-2094\" alt=\"\" srcset=\"https:\/\/katamaran-indonesia.sggw.edu.pl\/wp-content\/uploads\/sites\/187\/2024\/11\/logo-typy.webp 1153w, https:\/\/katamaran-indonesia.sggw.edu.pl\/wp-content\/uploads\/sites\/187\/2024\/11\/logo-typy-300x33.webp 300w, https:\/\/katamaran-indonesia.sggw.edu.pl\/wp-content\/uploads\/sites\/187\/2024\/11\/logo-typy-1024x113.webp 1024w, https:\/\/katamaran-indonesia.sggw.edu.pl\/wp-content\/uploads\/sites\/187\/2024\/11\/logo-typy-768x85.webp 768w\" sizes=\"(max-width: 1153px) 100vw, 1153px\" \/>\t\t\t\t\t\t\t\t\t\t\t\t\t<\/div>\n\t\t\t\t<\/div>\n\t\t\t\t\t<\/div>\n\t\t\t\t<\/div>\n\t\t\t\t<\/div>\n\t\t","protected":false},"excerpt":{"rendered":"<p>Harmonogram Lp. Rodzaj przyznanego wsparcia Forma wsparcia (stacjonarnie\/zdalnie) Nazwa\/temat wsparcia Planowana liczba uczestnik\u00f3w wsparcia Data rozpocz\u0119cia Godzina rozpocz\u0119cia Data zako\u0144czenia Godzina zako\u0144czenia Miejsce realizacji 1 Krajowe szkolenie\/kurs Zdalnie Przygotowania do realizacji nowego programu studi\u00f3w z udzia\u0142em student\u00f3w zagranicznych &#8211; warsztaty na temat r\u00f3\u017cnic mi\u0119dzykulturowych\u00a0 12 08.03.2025 07:30 08.03.2025 12:00 Zdalnie 2 Krajowe szkolenie\/kurs Zdalnie Przygotowania [&hellip;]<\/p>\n","protected":false},"author":1,"featured_media":0,"parent":0,"menu_order":0,"comment_status":"closed","ping_status":"closed","template":"","meta":{"_acf_changed":false,"footnotes":""},"class_list":["post-876","page","type-page","status-publish","hentry"],"acf":[],"_links":{"self":[{"href":"https:\/\/katamaran-indonesia.sggw.edu.pl\/pl\/wp-json\/wp\/v2\/pages\/876","targetHints":{"allow":["GET"]}}],"collection":[{"href":"https:\/\/katamaran-indonesia.sggw.edu.pl\/pl\/wp-json\/wp\/v2\/pages"}],"about":[{"href":"https:\/\/katamaran-indonesia.sggw.edu.pl\/pl\/wp-json\/wp\/v2\/types\/page"}],"author":[{"embeddable":true,"href":"https:\/\/katamaran-indonesia.sggw.edu.pl\/pl\/wp-json\/wp\/v2\/users\/1"}],"replies":[{"embeddable":true,"href":"https:\/\/katamaran-indonesia.sggw.edu.pl\/pl\/wp-json\/wp\/v2\/comments?post=876"}],"version-history":[{"count":104,"href":"https:\/\/katamaran-indonesia.sggw.edu.pl\/pl\/wp-json\/wp\/v2\/pages\/876\/revisions"}],"predecessor-version":[{"id":2634,"href":"https:\/\/katamaran-indonesia.sggw.edu.pl\/pl\/wp-json\/wp\/v2\/pages\/876\/revisions\/2634"}],"wp:attachment":[{"href":"https:\/\/katamaran-indonesia.sggw.edu.pl\/pl\/wp-json\/wp\/v2\/media?parent=876"}],"curies":[{"name":"wp","href":"https:\/\/api.w.org\/{rel}","templated":true}]}}