{"id":871,"date":"2021-03-18T13:19:12","date_gmt":"2021-03-18T12:19:12","guid":{"rendered":"http:\/\/katamaran-indonesia.sggw.edu.pl\/?page_id=871"},"modified":"2026-03-27T14:55:27","modified_gmt":"2026-03-27T13:55:27","slug":"o-wydziale","status":"publish","type":"page","link":"https:\/\/katamaran-indonesia.sggw.edu.pl\/pl\/o-wydziale\/","title":{"rendered":"O projekcie"},"content":{"rendered":"\t\t<div data-elementor-type=\"wp-page\" data-elementor-id=\"871\" class=\"elementor elementor-871\" data-elementor-post-type=\"page\">\n\t\t\t\t<div class=\"elementor-element elementor-element-8696355 e-flex e-con-boxed e-con e-parent\" data-id=\"8696355\" data-element_type=\"container\">\n\t\t\t\t\t<div class=\"e-con-inner\">\n\t\t<div class=\"elementor-element elementor-element-000990d e-con-full e-flex e-con e-child\" data-id=\"000990d\" data-element_type=\"container\">\n\t\t\t\t<div class=\"elementor-element elementor-element-2aabf55 elementor-widget elementor-widget-html\" data-id=\"2aabf55\" data-element_type=\"widget\" data-widget_type=\"html.default\">\n\t\t\t\t<div class=\"elementor-widget-container\">\n\t\t\t<script>jQuery(document).ready(function($) {\r\n    \/\/ Rozwijanie aktywnych podmenu\r\n    $('.elementor-nav-menu--dropdown .menu-item.current-menu-ancestor > ul.sub-menu').show();\r\n\r\n    \/\/ Klikni\u0119cie na element menu z podmenu\r\n    $('.elementor-nav-menu--dropdown .menu-item.has-submenu > a').on('click', function(e) {\r\n        e.preventDefault();\r\n        var $submenu = $(this).siblings('.sub-menu');\r\n        if ($submenu.is(':visible')) {\r\n            $submenu.slideUp();\r\n        } else {\r\n            $('.elementor-nav-menu--dropdown .sub-menu').slideUp();\r\n            $submenu.slideDown();\r\n        }\r\n    });\r\n});\r\n<\/script>\t\t<\/div>\n\t\t\t\t<\/div>\n\t\t\t\t<div class=\"elementor-element elementor-element-855a9b5 pionowe-menu elementor-nav-menu__text-align-aside elementor-widget elementor-widget-nav-menu\" data-id=\"855a9b5\" data-element_type=\"widget\" data-settings=\"{&quot;layout&quot;:&quot;dropdown&quot;,&quot;submenu_icon&quot;:{&quot;value&quot;:&quot;&lt;i class=\\&quot;fas fa-angle-down\\&quot;&gt;&lt;\\\/i&gt;&quot;,&quot;library&quot;:&quot;fa-solid&quot;}}\" data-widget_type=\"nav-menu.default\">\n\t\t\t\t<div class=\"elementor-widget-container\">\n\t\t\t\t\t\t<nav class=\"elementor-nav-menu--dropdown elementor-nav-menu__container\" aria-hidden=\"true\">\n\t\t\t\t<ul id=\"menu-2-855a9b5\" class=\"elementor-nav-menu\"><li class=\"menu-item menu-item-type-post_type menu-item-object-page menu-item-1256\"><a href=\"https:\/\/katamaran-indonesia.sggw.edu.pl\/pl\/o-wydziale\/\" class=\"elementor-item\" tabindex=\"-1\">O projekcie<\/a><\/li>\n<li class=\"menu-item menu-item-type-post_type menu-item-object-page menu-item-1255\"><a href=\"https:\/\/katamaran-indonesia.sggw.edu.pl\/pl\/harmonogram\/\" class=\"elementor-item\" tabindex=\"-1\">Harmonogram<\/a><\/li>\n<li class=\"menu-item menu-item-type-taxonomy menu-item-object-category menu-item-2073\"><a href=\"https:\/\/katamaran-indonesia.sggw.edu.pl\/pl\/category\/aktualnosci\/\" class=\"elementor-item\" tabindex=\"-1\">Aktualno\u015bci<\/a><\/li>\n<li class=\"menu-item menu-item-type-post_type menu-item-object-page menu-item-2395\"><a href=\"https:\/\/katamaran-indonesia.sggw.edu.pl\/pl\/zespol-projektowy\/\" class=\"elementor-item\" tabindex=\"-1\">Zesp\u00f3\u0142 projektowy<\/a><\/li>\n<li class=\"menu-item menu-item-type-post_type menu-item-object-page menu-item-2763\"><a href=\"https:\/\/katamaran-indonesia.sggw.edu.pl\/pl\/materialy-informacyjne\/\" class=\"elementor-item\" tabindex=\"-1\">Materia\u0142y Informacyjne<\/a><\/li>\n<\/ul>\t\t\t<\/nav>\n\t\t\t\t<\/div>\n\t\t\t\t<\/div>\n\t\t\t\t<\/div>\n\t\t<div class=\"elementor-element elementor-element-34a9253 e-con-full e-flex e-con e-child\" data-id=\"34a9253\" data-element_type=\"container\">\n\t\t\t\t<div class=\"elementor-element elementor-element-add0123 elementor-widget elementor-widget-spacer\" data-id=\"add0123\" data-element_type=\"widget\" data-widget_type=\"spacer.default\">\n\t\t\t\t<div class=\"elementor-widget-container\">\n\t\t\t\t\t<div class=\"elementor-spacer\">\n\t\t\t<div class=\"elementor-spacer-inner\"><\/div>\n\t\t<\/div>\n\t\t\t\t<\/div>\n\t\t\t\t<\/div>\n\t\t\t\t<div class=\"elementor-element elementor-element-e8bbd4b elementor-widget elementor-widget-heading\" data-id=\"e8bbd4b\" data-element_type=\"widget\" data-widget_type=\"heading.default\">\n\t\t\t\t<div class=\"elementor-widget-container\">\n\t\t\t<h1 class=\"elementor-heading-title elementor-size-default\">O projekcie<\/h1>\t\t<\/div>\n\t\t\t\t<\/div>\n\t\t\t\t<div class=\"elementor-element elementor-element-11ba032 elementor-widget elementor-widget-heading\" data-id=\"11ba032\" data-element_type=\"widget\" data-widget_type=\"heading.default\">\n\t\t\t\t<div class=\"elementor-widget-container\">\n\t\t\t<h2 class=\"elementor-heading-title elementor-size-default\">Polsko-Indonezyjskie podw\u00f3jne studia magisterskie z architektury krajobrazu \u2013 architektura krajobrazu w warunkach planetarnych zmian klimatu<\/h2>\t\t<\/div>\n\t\t\t\t<\/div>\n\t\t\t\t<div class=\"elementor-element elementor-element-f3675b2 elementor-widget elementor-widget-text-editor\" data-id=\"f3675b2\" data-element_type=\"widget\" data-widget_type=\"text-editor.default\">\n\t\t\t\t<div class=\"elementor-widget-container\">\n\t\t\t\t\t\t\t<p>Przygotowywany w ramach Projektu program studi\u00f3w ma na celu kszta\u0142cenie przysz\u0142ych architekt\u00f3w krajobrazu, kt\u00f3rzy b\u0119d\u0105 przygotowani do pracy w r\u00f3\u017cnych strefach klimatycznych, od umiarkowanego klimatu w Polsce, po tropikalne warunki w Indonezji. Program obejmuje, mi\u0119dzy innymi, zagadnienia zwi\u0105zane z ochron\u0105 r\u00f3\u017cnorodno\u015bci biologicznej, zielon\u0105 infrastruktur\u0105, adaptacj\u0105 do zmian klimatycznych oraz zr\u00f3wnowa\u017conym rozwojem miast.<\/p><p><strong>Podw\u00f3jny dyplom SGGW i IPB<\/strong><\/p><p>Studia potrwaj\u0105 trzy semestry w Polsce i cztery semestry w Indonezji. Absolwenci uzyskaj\u0105 podw\u00f3jny dyplom \u2013 z SGGW oraz IPB. Zaj\u0119cia b\u0119d\u0105 prowadzone w j\u0119zyku angielskim, co zwi\u0119kszy ich mi\u0119dzynarodowy charakter oraz atrakcyjno\u015b\u0107 na rynku pracy. Program studi\u00f3w obejmie zar\u00f3wno klasyczne metody dydaktyczne, jak i nowoczesne technologie, takie jak wirtualna rzeczywisto\u015b\u0107 (VR) oraz teledetekcja z u\u017cyciem dron\u00f3w. Umo\u017cliwi\u0105 one studentom praktyczne poznawanie krajobraz\u00f3w na ca\u0142ym \u015bwiecie.<\/p><p>W ramach studi\u00f3w przewidziano wymian\u0119 akademick\u0105, zar\u00f3wno student\u00f3w, jak i kadry naukowej, co wzmocni mi\u0119dzynarodow\u0105 wsp\u00f3\u0142prac\u0119 oraz wymian\u0119 do\u015bwiadcze\u0144 mi\u0119dzy uczelniami.<\/p><p>Projekt rozpocz\u0105\u0142 si\u0119 1 pa\u017adziernika 2024 r., a jego zako\u0144czenie planowane jest na 31 marca 2026 r. Projekt powsta\u0142 w odpowiedzi na rosn\u0105ce potrzeby rynku pracy, kt\u00f3ry poszukuje specjalist\u00f3w w dziedzinie architektury krajobrazu zdolnych do podejmowania wyzwa\u0144 zwi\u0105zanych z globalnymi zmianami klimatu.<\/p><p>Na potrzeby projektu utworzony zosta\u0142 Zesp\u00f3\u0142 Projektowy (ZP): ze strony SGGW kierowniczka projektu dr hab. Beata Gawryszewska oraz do\u015bwiadczeni pracownicy Instytutu In\u017cynierii \u015arodowiska, a ze strony Partnera koordynator dr Akhmad Arifin Hadi oraz do\u015bwiadczeni pracownicy Fakultas Pertanian IPB.<\/p><p>Warto\u015b\u0107 projektu <strong>633 335,00 PLN<\/strong><\/p><p><a title=\"link otwierajacy w nowej karcie fundusze europejskie\" href=\"https:\/\/funduszeeuropejskie.gov.pl\/\"><em><u>#FunduszeUE <\/u><\/em><\/a><\/p>\t\t\t\t\t\t<\/div>\n\t\t\t\t<\/div>\n\t\t\t\t<div class=\"elementor-element elementor-element-77245e2 elementor-icon-list--layout-traditional elementor-list-item-link-full_width elementor-widget elementor-widget-icon-list\" data-id=\"77245e2\" data-element_type=\"widget\" data-widget_type=\"icon-list.default\">\n\t\t\t\t<div class=\"elementor-widget-container\">\n\t\t\t\t\t<ul class=\"elementor-icon-list-items\">\n\t\t\t\t\t\t\t<li class=\"elementor-icon-list-item\">\n\t\t\t\t\t\t\t\t\t\t\t<a href=\"https:\/\/katamaran-indonesia.sggw.edu.pl\/wp-content\/uploads\/sites\/187\/2026\/03\/Rezultaty-projektu.pdf\" target=\"_blank\">\n\n\t\t\t\t\t\t\t\t\t\t\t\t<span class=\"elementor-icon-list-icon\">\n\t\t\t\t\t\t\t<i aria-hidden=\"true\" class=\"far fa-file-pdf\"><\/i>\t\t\t\t\t\t<\/span>\n\t\t\t\t\t\t\t\t\t\t<span class=\"elementor-icon-list-text\">Rezultaty projektu<\/span>\n\t\t\t\t\t\t\t\t\t\t\t<\/a>\n\t\t\t\t\t\t\t\t\t<\/li>\n\t\t\t\t\t\t<\/ul>\n\t\t\t\t<\/div>\n\t\t\t\t<\/div>\n\t\t\t\t<\/div>\n\t\t\t\t\t<\/div>\n\t\t\t\t<\/div>\n\t\t<div class=\"elementor-element elementor-element-52b29b3 e-flex e-con-boxed e-con e-parent\" data-id=\"52b29b3\" data-element_type=\"container\">\n\t\t\t\t\t<div class=\"e-con-inner\">\n\t\t\t\t<div class=\"elementor-element elementor-element-e1c5699 elementor-widget elementor-widget-spacer\" data-id=\"e1c5699\" data-element_type=\"widget\" data-widget_type=\"spacer.default\">\n\t\t\t\t<div class=\"elementor-widget-container\">\n\t\t\t\t\t<div class=\"elementor-spacer\">\n\t\t\t<div class=\"elementor-spacer-inner\"><\/div>\n\t\t<\/div>\n\t\t\t\t<\/div>\n\t\t\t\t<\/div>\n\t\t\t\t\t<\/div>\n\t\t\t\t<\/div>\n\t\t<div class=\"elementor-element elementor-element-f52d256 e-flex e-con-boxed e-con e-parent\" data-id=\"f52d256\" data-element_type=\"container\">\n\t\t\t\t\t<div class=\"e-con-inner\">\n\t\t\t\t<div class=\"elementor-element elementor-element-9d0b5e8 elementor-widget elementor-widget-text-editor\" data-id=\"9d0b5e8\" data-element_type=\"widget\" data-widget_type=\"text-editor.default\">\n\t\t\t\t<div class=\"elementor-widget-container\">\n\t\t\t\t\t\t\t<p>Wsparcie jest finansowane ze \u015brodk\u00f3w Unii Europejskiej w ramach programu NAWA pn. KATAMARAN \u2013 Tworzenie i realizacja mi\u0119dzynarodowych program\u00f3w studi\u00f3w &#8211; nab\u00f3r 2024 (nr projektu FERS: FERS.01.05-IP.08-0436\/23)<\/p>\t\t\t\t\t\t<\/div>\n\t\t\t\t<\/div>\n\t\t\t\t<div class=\"elementor-element elementor-element-0c14d4b elementor-widget elementor-widget-image\" data-id=\"0c14d4b\" data-element_type=\"widget\" data-widget_type=\"image.default\">\n\t\t\t\t<div class=\"elementor-widget-container\">\n\t\t\t\t\t\t\t\t\t\t\t\t\t<img fetchpriority=\"high\" decoding=\"async\" width=\"1153\" height=\"127\" src=\"https:\/\/katamaran-indonesia.sggw.edu.pl\/wp-content\/uploads\/sites\/187\/2024\/11\/logo-typy.webp\" class=\"attachment-full size-full wp-image-2094\" alt=\"\" srcset=\"https:\/\/katamaran-indonesia.sggw.edu.pl\/wp-content\/uploads\/sites\/187\/2024\/11\/logo-typy.webp 1153w, https:\/\/katamaran-indonesia.sggw.edu.pl\/wp-content\/uploads\/sites\/187\/2024\/11\/logo-typy-300x33.webp 300w, https:\/\/katamaran-indonesia.sggw.edu.pl\/wp-content\/uploads\/sites\/187\/2024\/11\/logo-typy-1024x113.webp 1024w, https:\/\/katamaran-indonesia.sggw.edu.pl\/wp-content\/uploads\/sites\/187\/2024\/11\/logo-typy-768x85.webp 768w\" sizes=\"(max-width: 1153px) 100vw, 1153px\" \/>\t\t\t\t\t\t\t\t\t\t\t\t\t<\/div>\n\t\t\t\t<\/div>\n\t\t\t\t\t<\/div>\n\t\t\t\t<\/div>\n\t\t\t\t<\/div>\n\t\t","protected":false},"excerpt":{"rendered":"<p>O projekcie Polsko-Indonezyjskie podw\u00f3jne studia magisterskie z architektury krajobrazu \u2013 architektura krajobrazu w warunkach planetarnych zmian klimatu Przygotowywany w ramach Projektu program studi\u00f3w ma na celu kszta\u0142cenie przysz\u0142ych architekt\u00f3w krajobrazu, kt\u00f3rzy b\u0119d\u0105 przygotowani do pracy w r\u00f3\u017cnych strefach klimatycznych, od umiarkowanego klimatu w Polsce, po tropikalne warunki w Indonezji. Program obejmuje, mi\u0119dzy innymi, zagadnienia zwi\u0105zane [&hellip;]<\/p>\n","protected":false},"author":1,"featured_media":0,"parent":0,"menu_order":0,"comment_status":"closed","ping_status":"closed","template":"","meta":{"_acf_changed":false,"footnotes":""},"class_list":["post-871","page","type-page","status-publish","hentry"],"acf":[],"_links":{"self":[{"href":"https:\/\/katamaran-indonesia.sggw.edu.pl\/pl\/wp-json\/wp\/v2\/pages\/871","targetHints":{"allow":["GET"]}}],"collection":[{"href":"https:\/\/katamaran-indonesia.sggw.edu.pl\/pl\/wp-json\/wp\/v2\/pages"}],"about":[{"href":"https:\/\/katamaran-indonesia.sggw.edu.pl\/pl\/wp-json\/wp\/v2\/types\/page"}],"author":[{"embeddable":true,"href":"https:\/\/katamaran-indonesia.sggw.edu.pl\/pl\/wp-json\/wp\/v2\/users\/1"}],"replies":[{"embeddable":true,"href":"https:\/\/katamaran-indonesia.sggw.edu.pl\/pl\/wp-json\/wp\/v2\/comments?post=871"}],"version-history":[{"count":75,"href":"https:\/\/katamaran-indonesia.sggw.edu.pl\/pl\/wp-json\/wp\/v2\/pages\/871\/revisions"}],"predecessor-version":[{"id":2640,"href":"https:\/\/katamaran-indonesia.sggw.edu.pl\/pl\/wp-json\/wp\/v2\/pages\/871\/revisions\/2640"}],"wp:attachment":[{"href":"https:\/\/katamaran-indonesia.sggw.edu.pl\/pl\/wp-json\/wp\/v2\/media?parent=871"}],"curies":[{"name":"wp","href":"https:\/\/api.w.org\/{rel}","templated":true}]}}