{"id":2758,"date":"2026-03-30T12:21:21","date_gmt":"2026-03-30T10:21:21","guid":{"rendered":"https:\/\/katamaran-indonesia.sggw.edu.pl\/?page_id=2758"},"modified":"2026-03-30T16:27:26","modified_gmt":"2026-03-30T14:27:26","slug":"materialy-informacyjne","status":"publish","type":"page","link":"https:\/\/katamaran-indonesia.sggw.edu.pl\/pl\/materialy-informacyjne\/","title":{"rendered":"Materia\u0142y Informacyjne"},"content":{"rendered":"\t\t<div data-elementor-type=\"wp-page\" data-elementor-id=\"2758\" class=\"elementor elementor-2758\" data-elementor-post-type=\"page\">\n\t\t\t\t<div class=\"elementor-element elementor-element-f737a1c e-flex e-con-boxed e-con e-parent\" data-id=\"f737a1c\" data-element_type=\"container\">\n\t\t\t\t\t<div class=\"e-con-inner\">\n\t\t<div class=\"elementor-element elementor-element-d644358 e-con-full e-flex e-con e-child\" data-id=\"d644358\" data-element_type=\"container\">\n\t\t\t\t<div class=\"elementor-element elementor-element-5d2d42f elementor-widget elementor-widget-html\" data-id=\"5d2d42f\" data-element_type=\"widget\" data-widget_type=\"html.default\">\n\t\t\t\t<div class=\"elementor-widget-container\">\n\t\t\t<script>jQuery(document).ready(function($) {\r\n    \/\/ Rozwijanie aktywnych podmenu\r\n    $('.elementor-nav-menu--dropdown .menu-item.current-menu-ancestor > ul.sub-menu').show();\r\n\r\n    \/\/ Klikni\u0119cie na element menu z podmenu\r\n    $('.elementor-nav-menu--dropdown .menu-item.has-submenu > a').on('click', function(e) {\r\n        e.preventDefault();\r\n        var $submenu = $(this).siblings('.sub-menu');\r\n        if ($submenu.is(':visible')) {\r\n            $submenu.slideUp();\r\n        } else {\r\n            $('.elementor-nav-menu--dropdown .sub-menu').slideUp();\r\n            $submenu.slideDown();\r\n        }\r\n    });\r\n});\r\n<\/script>\t\t<\/div>\n\t\t\t\t<\/div>\n\t\t\t\t<div class=\"elementor-element elementor-element-d9b32ca pionowe-menu elementor-nav-menu__text-align-aside elementor-widget elementor-widget-nav-menu\" data-id=\"d9b32ca\" data-element_type=\"widget\" data-settings=\"{&quot;layout&quot;:&quot;dropdown&quot;,&quot;submenu_icon&quot;:{&quot;value&quot;:&quot;&lt;i class=\\&quot;fas fa-angle-down\\&quot;&gt;&lt;\\\/i&gt;&quot;,&quot;library&quot;:&quot;fa-solid&quot;}}\" data-widget_type=\"nav-menu.default\">\n\t\t\t\t<div class=\"elementor-widget-container\">\n\t\t\t\t\t\t<nav class=\"elementor-nav-menu--dropdown elementor-nav-menu__container\" aria-hidden=\"true\">\n\t\t\t\t<ul id=\"menu-2-d9b32ca\" class=\"elementor-nav-menu\"><li class=\"menu-item menu-item-type-post_type menu-item-object-page menu-item-1256\"><a href=\"https:\/\/katamaran-indonesia.sggw.edu.pl\/pl\/o-wydziale\/\" class=\"elementor-item\" tabindex=\"-1\">O projekcie<\/a><\/li>\n<li class=\"menu-item menu-item-type-post_type menu-item-object-page menu-item-1255\"><a href=\"https:\/\/katamaran-indonesia.sggw.edu.pl\/pl\/harmonogram\/\" class=\"elementor-item\" tabindex=\"-1\">Harmonogram<\/a><\/li>\n<li class=\"menu-item menu-item-type-taxonomy menu-item-object-category menu-item-2073\"><a href=\"https:\/\/katamaran-indonesia.sggw.edu.pl\/pl\/category\/aktualnosci\/\" class=\"elementor-item\" tabindex=\"-1\">Aktualno\u015bci<\/a><\/li>\n<li class=\"menu-item menu-item-type-post_type menu-item-object-page menu-item-2395\"><a href=\"https:\/\/katamaran-indonesia.sggw.edu.pl\/pl\/zespol-projektowy\/\" class=\"elementor-item\" tabindex=\"-1\">Zesp\u00f3\u0142 projektowy<\/a><\/li>\n<li class=\"menu-item menu-item-type-post_type menu-item-object-page menu-item-2763\"><a href=\"https:\/\/katamaran-indonesia.sggw.edu.pl\/pl\/materialy-informacyjne\/\" class=\"elementor-item\" tabindex=\"-1\">Materia\u0142y Informacyjne<\/a><\/li>\n<\/ul>\t\t\t<\/nav>\n\t\t\t\t<\/div>\n\t\t\t\t<\/div>\n\t\t\t\t<\/div>\n\t\t<div class=\"elementor-element elementor-element-f08c58e e-con-full e-flex e-con e-child\" data-id=\"f08c58e\" data-element_type=\"container\">\n\t\t\t\t<div class=\"elementor-element elementor-element-4df03ac elementor-widget elementor-widget-spacer\" data-id=\"4df03ac\" data-element_type=\"widget\" data-widget_type=\"spacer.default\">\n\t\t\t\t<div class=\"elementor-widget-container\">\n\t\t\t\t\t<div class=\"elementor-spacer\">\n\t\t\t<div class=\"elementor-spacer-inner\"><\/div>\n\t\t<\/div>\n\t\t\t\t<\/div>\n\t\t\t\t<\/div>\n\t\t\t\t<div class=\"elementor-element elementor-element-190f10d elementor-widget elementor-widget-wp-widget-bcn_widget\" data-id=\"190f10d\" data-element_type=\"widget\" data-widget_type=\"wp-widget-bcn_widget.default\">\n\t\t\t\t<div class=\"elementor-widget-container\">\n\t\t\t<div class=\"mn-grid breadcrumb\">\n                                    <div class=\"breadcrumb-inner mn-grid-12\"><div class=\"breadcrumbs\" vocab=\"https:\/\/schema.org\/\" typeof=\"BreadcrumbList\"><span property=\"itemListElement\" typeof=\"ListItem\"><a property=\"item\" typeof=\"WebPage\" title=\"Go to SGGW Witryn.\" href=\"https:\/\/www.sggw.edu.pl\/\" class=\"main-home\" ><span property=\"name\">SGGW Witryn<\/span><\/a><meta property=\"position\" content=\"1\"><\/span> \/ <span property=\"itemListElement\" typeof=\"ListItem\"><a property=\"item\" typeof=\"WebPage\" title=\"Go to Katamaran Indonesia.\" href=\"https:\/\/katamaran-indonesia.sggw.edu.pl\/pl\/\" class=\"home\" aria-current=\"page\"><span property=\"name\">Home<\/span><\/a><meta property=\"position\" content=\"2\"><\/span><\/div>    <\/div>\n                                <\/div>\t\t<\/div>\n\t\t\t\t<\/div>\n\t\t\t\t<div class=\"elementor-element elementor-element-b96e360 elementor-widget elementor-widget-heading\" data-id=\"b96e360\" data-element_type=\"widget\" data-widget_type=\"heading.default\">\n\t\t\t\t<div class=\"elementor-widget-container\">\n\t\t\t<h1 class=\"elementor-heading-title elementor-size-default\">Materia\u0142y informacyjne<\/h1>\t\t<\/div>\n\t\t\t\t<\/div>\n\t\t\t\t<div class=\"elementor-element elementor-element-407532b elementor-icon-list--layout-traditional elementor-list-item-link-full_width elementor-widget elementor-widget-icon-list\" data-id=\"407532b\" data-element_type=\"widget\" data-widget_type=\"icon-list.default\">\n\t\t\t\t<div class=\"elementor-widget-container\">\n\t\t\t\t\t<ul class=\"elementor-icon-list-items\">\n\t\t\t\t\t\t\t<li class=\"elementor-icon-list-item\">\n\t\t\t\t\t\t\t\t\t\t\t<a href=\"https:\/\/katamaran-indonesia.sggw.edu.pl\/wp-content\/uploads\/sites\/187\/2026\/03\/SGGW-ROLKA-1-Z-NAPISAMI-1.mp4\" target=\"_blank\">\n\n\t\t\t\t\t\t\t\t\t\t\t\t<span class=\"elementor-icon-list-icon\">\n\t\t\t\t\t\t\t<i aria-hidden=\"true\" class=\"far fa-file-video\"><\/i>\t\t\t\t\t\t<\/span>\n\t\t\t\t\t\t\t\t\t\t<span class=\"elementor-icon-list-text\">ROLKA 1 Z NAPISAMI 1<\/span>\n\t\t\t\t\t\t\t\t\t\t\t<\/a>\n\t\t\t\t\t\t\t\t\t<\/li>\n\t\t\t\t\t\t\t\t<li class=\"elementor-icon-list-item\">\n\t\t\t\t\t\t\t\t\t\t\t<a href=\"https:\/\/katamaran-indonesia.sggw.edu.pl\/wp-content\/uploads\/sites\/187\/2026\/03\/SSGW-ROLKA-2-Z-NAPISAMI-1.mp4\" target=\"_blank\">\n\n\t\t\t\t\t\t\t\t\t\t\t\t<span class=\"elementor-icon-list-icon\">\n\t\t\t\t\t\t\t<i aria-hidden=\"true\" class=\"far fa-file-video\"><\/i>\t\t\t\t\t\t<\/span>\n\t\t\t\t\t\t\t\t\t\t<span class=\"elementor-icon-list-text\">ROLKA 1 Z NAPISAMI 2<\/span>\n\t\t\t\t\t\t\t\t\t\t\t<\/a>\n\t\t\t\t\t\t\t\t\t<\/li>\n\t\t\t\t\t\t\t\t<li class=\"elementor-icon-list-item\">\n\t\t\t\t\t\t\t\t\t\t\t<a href=\"https:\/\/katamaran-indonesia.sggw.edu.pl\/wp-content\/uploads\/sites\/187\/2026\/03\/ulotka_Katamaran.pdf\" target=\"_blank\">\n\n\t\t\t\t\t\t\t\t\t\t\t\t<span class=\"elementor-icon-list-icon\">\n\t\t\t\t\t\t\t<i aria-hidden=\"true\" class=\"far fa-file-pdf\"><\/i>\t\t\t\t\t\t<\/span>\n\t\t\t\t\t\t\t\t\t\t<span class=\"elementor-icon-list-text\">Ulotka Katamaran (31MB)<\/span>\n\t\t\t\t\t\t\t\t\t\t\t<\/a>\n\t\t\t\t\t\t\t\t\t<\/li>\n\t\t\t\t\t\t<\/ul>\n\t\t\t\t<\/div>\n\t\t\t\t<\/div>\n\t\t\t\t<\/div>\n\t\t\t\t\t<\/div>\n\t\t\t\t<\/div>\n\t\t<div class=\"elementor-element elementor-element-6a65ffe e-flex e-con-boxed e-con e-parent\" data-id=\"6a65ffe\" data-element_type=\"container\">\n\t\t\t\t\t<div class=\"e-con-inner\">\n\t\t\t\t<div class=\"elementor-element elementor-element-b17cd97 elementor-widget elementor-widget-spacer\" data-id=\"b17cd97\" data-element_type=\"widget\" data-widget_type=\"spacer.default\">\n\t\t\t\t<div class=\"elementor-widget-container\">\n\t\t\t\t\t<div class=\"elementor-spacer\">\n\t\t\t<div class=\"elementor-spacer-inner\"><\/div>\n\t\t<\/div>\n\t\t\t\t<\/div>\n\t\t\t\t<\/div>\n\t\t\t\t\t<\/div>\n\t\t\t\t<\/div>\n\t\t<div class=\"elementor-element elementor-element-ccd5299 e-flex e-con-boxed e-con e-parent\" data-id=\"ccd5299\" data-element_type=\"container\">\n\t\t\t\t\t<div class=\"e-con-inner\">\n\t\t\t\t<div class=\"elementor-element elementor-element-e7c4833 elementor-widget elementor-widget-text-editor\" data-id=\"e7c4833\" data-element_type=\"widget\" data-widget_type=\"text-editor.default\">\n\t\t\t\t<div class=\"elementor-widget-container\">\n\t\t\t\t\t\t\t<p>Wsparcie jest finansowane ze \u015brodk\u00f3w Unii Europejskiej w ramach programu NAWA pn. KATAMARAN \u2013 Tworzenie i realizacja mi\u0119dzynarodowych program\u00f3w studi\u00f3w &#8211; nab\u00f3r 2024 (nr projektu FERS: FERS.01.05-IP.08-0436\/23)<\/p>\t\t\t\t\t\t<\/div>\n\t\t\t\t<\/div>\n\t\t\t\t<div class=\"elementor-element elementor-element-58508ce elementor-widget elementor-widget-image\" data-id=\"58508ce\" data-element_type=\"widget\" data-widget_type=\"image.default\">\n\t\t\t\t<div class=\"elementor-widget-container\">\n\t\t\t\t\t\t\t\t\t\t\t\t\t<img fetchpriority=\"high\" decoding=\"async\" width=\"1153\" height=\"127\" src=\"https:\/\/katamaran-indonesia.sggw.edu.pl\/wp-content\/uploads\/sites\/187\/2024\/11\/logo-typy.webp\" class=\"attachment-full size-full wp-image-2094\" alt=\"\" srcset=\"https:\/\/katamaran-indonesia.sggw.edu.pl\/wp-content\/uploads\/sites\/187\/2024\/11\/logo-typy.webp 1153w, https:\/\/katamaran-indonesia.sggw.edu.pl\/wp-content\/uploads\/sites\/187\/2024\/11\/logo-typy-300x33.webp 300w, https:\/\/katamaran-indonesia.sggw.edu.pl\/wp-content\/uploads\/sites\/187\/2024\/11\/logo-typy-1024x113.webp 1024w, https:\/\/katamaran-indonesia.sggw.edu.pl\/wp-content\/uploads\/sites\/187\/2024\/11\/logo-typy-768x85.webp 768w\" sizes=\"(max-width: 1153px) 100vw, 1153px\" \/>\t\t\t\t\t\t\t\t\t\t\t\t\t<\/div>\n\t\t\t\t<\/div>\n\t\t\t\t\t<\/div>\n\t\t\t\t<\/div>\n\t\t\t\t<\/div>\n\t\t","protected":false},"excerpt":{"rendered":"<p>Materia\u0142y informacyjne ROLKA 1 Z NAPISAMI 1 ROLKA 1 Z NAPISAMI 2 Ulotka Katamaran (31MB) Wsparcie jest finansowane ze \u015brodk\u00f3w Unii Europejskiej w ramach programu NAWA pn. KATAMARAN \u2013 Tworzenie i realizacja mi\u0119dzynarodowych program\u00f3w studi\u00f3w &#8211; nab\u00f3r 2024 (nr projektu FERS: FERS.01.05-IP.08-0436\/23)<\/p>\n","protected":false},"author":36601,"featured_media":0,"parent":0,"menu_order":0,"comment_status":"closed","ping_status":"closed","template":"","meta":{"_acf_changed":false,"footnotes":""},"class_list":["post-2758","page","type-page","status-publish","hentry"],"acf":[],"_links":{"self":[{"href":"https:\/\/katamaran-indonesia.sggw.edu.pl\/pl\/wp-json\/wp\/v2\/pages\/2758","targetHints":{"allow":["GET"]}}],"collection":[{"href":"https:\/\/katamaran-indonesia.sggw.edu.pl\/pl\/wp-json\/wp\/v2\/pages"}],"about":[{"href":"https:\/\/katamaran-indonesia.sggw.edu.pl\/pl\/wp-json\/wp\/v2\/types\/page"}],"author":[{"embeddable":true,"href":"https:\/\/katamaran-indonesia.sggw.edu.pl\/pl\/wp-json\/wp\/v2\/users\/36601"}],"replies":[{"embeddable":true,"href":"https:\/\/katamaran-indonesia.sggw.edu.pl\/pl\/wp-json\/wp\/v2\/comments?post=2758"}],"version-history":[{"count":13,"href":"https:\/\/katamaran-indonesia.sggw.edu.pl\/pl\/wp-json\/wp\/v2\/pages\/2758\/revisions"}],"predecessor-version":[{"id":2778,"href":"https:\/\/katamaran-indonesia.sggw.edu.pl\/pl\/wp-json\/wp\/v2\/pages\/2758\/revisions\/2778"}],"wp:attachment":[{"href":"https:\/\/katamaran-indonesia.sggw.edu.pl\/pl\/wp-json\/wp\/v2\/media?parent=2758"}],"curies":[{"name":"wp","href":"https:\/\/api.w.org\/{rel}","templated":true}]}}