{"id":2369,"date":"2025-07-29T16:30:09","date_gmt":"2025-07-29T14:30:09","guid":{"rendered":"https:\/\/katamaran-indonesia.sggw.edu.pl\/?page_id=2369"},"modified":"2025-07-31T12:31:40","modified_gmt":"2025-07-31T10:31:40","slug":"zespol-projektowy","status":"publish","type":"page","link":"https:\/\/katamaran-indonesia.sggw.edu.pl\/pl\/zespol-projektowy\/","title":{"rendered":"Zesp\u00f3\u0142 projektowy"},"content":{"rendered":"\t\t<div data-elementor-type=\"wp-page\" data-elementor-id=\"2369\" class=\"elementor elementor-2369\" data-elementor-post-type=\"page\">\n\t\t\t\t<div class=\"elementor-element elementor-element-7b147e3 e-flex e-con-boxed e-con e-parent\" data-id=\"7b147e3\" data-element_type=\"container\">\n\t\t\t\t\t<div class=\"e-con-inner\">\n\t\t<div class=\"elementor-element elementor-element-624f82f e-con-full e-flex e-con e-child\" data-id=\"624f82f\" data-element_type=\"container\">\n\t\t\t\t<div class=\"elementor-element elementor-element-d40b479 elementor-widget elementor-widget-html\" data-id=\"d40b479\" data-element_type=\"widget\" data-widget_type=\"html.default\">\n\t\t\t\t<div class=\"elementor-widget-container\">\n\t\t\t<script>jQuery(document).ready(function($) {\r\n    \/\/ Rozwijanie aktywnych podmenu\r\n    $('.elementor-nav-menu--dropdown .menu-item.current-menu-ancestor > ul.sub-menu').show();\r\n\r\n    \/\/ Klikni\u0119cie na element menu z podmenu\r\n    $('.elementor-nav-menu--dropdown .menu-item.has-submenu > a').on('click', function(e) {\r\n        e.preventDefault();\r\n        var $submenu = $(this).siblings('.sub-menu');\r\n        if ($submenu.is(':visible')) {\r\n            $submenu.slideUp();\r\n        } else {\r\n            $('.elementor-nav-menu--dropdown .sub-menu').slideUp();\r\n            $submenu.slideDown();\r\n        }\r\n    });\r\n});\r\n<\/script>\t\t<\/div>\n\t\t\t\t<\/div>\n\t\t\t\t<div class=\"elementor-element elementor-element-f190ec8 pionowe-menu elementor-nav-menu__text-align-aside elementor-widget elementor-widget-nav-menu\" data-id=\"f190ec8\" data-element_type=\"widget\" data-settings=\"{&quot;layout&quot;:&quot;dropdown&quot;,&quot;submenu_icon&quot;:{&quot;value&quot;:&quot;&lt;i class=\\&quot;fas fa-angle-down\\&quot;&gt;&lt;\\\/i&gt;&quot;,&quot;library&quot;:&quot;fa-solid&quot;}}\" data-widget_type=\"nav-menu.default\">\n\t\t\t\t<div class=\"elementor-widget-container\">\n\t\t\t\t\t\t<nav class=\"elementor-nav-menu--dropdown elementor-nav-menu__container\" aria-hidden=\"true\">\n\t\t\t\t<ul id=\"menu-2-f190ec8\" class=\"elementor-nav-menu\"><li class=\"menu-item menu-item-type-post_type menu-item-object-page menu-item-1256\"><a href=\"https:\/\/katamaran-indonesia.sggw.edu.pl\/pl\/o-wydziale\/\" class=\"elementor-item\" tabindex=\"-1\">O projekcie<\/a><\/li>\n<li class=\"menu-item menu-item-type-post_type menu-item-object-page menu-item-1255\"><a href=\"https:\/\/katamaran-indonesia.sggw.edu.pl\/pl\/harmonogram\/\" class=\"elementor-item\" tabindex=\"-1\">Harmonogram<\/a><\/li>\n<li class=\"menu-item menu-item-type-taxonomy menu-item-object-category menu-item-2073\"><a href=\"https:\/\/katamaran-indonesia.sggw.edu.pl\/pl\/category\/aktualnosci\/\" class=\"elementor-item\" tabindex=\"-1\">Aktualno\u015bci<\/a><\/li>\n<li class=\"menu-item menu-item-type-post_type menu-item-object-page menu-item-2395\"><a href=\"https:\/\/katamaran-indonesia.sggw.edu.pl\/pl\/zespol-projektowy\/\" class=\"elementor-item\" tabindex=\"-1\">Zesp\u00f3\u0142 projektowy<\/a><\/li>\n<li class=\"menu-item menu-item-type-post_type menu-item-object-page menu-item-2763\"><a href=\"https:\/\/katamaran-indonesia.sggw.edu.pl\/pl\/materialy-informacyjne\/\" class=\"elementor-item\" tabindex=\"-1\">Materia\u0142y Informacyjne<\/a><\/li>\n<\/ul>\t\t\t<\/nav>\n\t\t\t\t<\/div>\n\t\t\t\t<\/div>\n\t\t\t\t<\/div>\n\t\t<div class=\"elementor-element elementor-element-0190984 e-con-full e-flex e-con e-child\" data-id=\"0190984\" data-element_type=\"container\">\n\t\t\t\t<div class=\"elementor-element elementor-element-45f13d6 elementor-widget elementor-widget-spacer\" data-id=\"45f13d6\" data-element_type=\"widget\" data-widget_type=\"spacer.default\">\n\t\t\t\t<div class=\"elementor-widget-container\">\n\t\t\t\t\t<div class=\"elementor-spacer\">\n\t\t\t<div class=\"elementor-spacer-inner\"><\/div>\n\t\t<\/div>\n\t\t\t\t<\/div>\n\t\t\t\t<\/div>\n\t\t\t\t<div class=\"elementor-element elementor-element-5acb703 elementor-widget elementor-widget-heading\" data-id=\"5acb703\" data-element_type=\"widget\" data-widget_type=\"heading.default\">\n\t\t\t\t<div class=\"elementor-widget-container\">\n\t\t\t<h1 class=\"elementor-heading-title elementor-size-default\">Zesp\u00f3\u0142 projektowy<\/h1>\t\t<\/div>\n\t\t\t\t<\/div>\n\t\t<div class=\"elementor-element elementor-element-9f6a9d0 e-con-full e-flex e-con e-child\" data-id=\"9f6a9d0\" data-element_type=\"container\" data-settings=\"{&quot;background_background&quot;:&quot;classic&quot;}\">\n\t\t\t\t<div class=\"elementor-element elementor-element-dcb0863 elementor-widget elementor-widget-heading\" data-id=\"dcb0863\" data-element_type=\"widget\" data-widget_type=\"heading.default\">\n\t\t\t\t<div class=\"elementor-widget-container\">\n\t\t\t<h3 class=\"elementor-heading-title elementor-size-default\">Dr hab. in\u017c. arch. kraj. Beata Gawryszewska<\/h3>\t\t<\/div>\n\t\t\t\t<\/div>\n\t\t\t\t<div class=\"elementor-element elementor-element-5059062 elementor-widget elementor-widget-text-editor\" data-id=\"5059062\" data-element_type=\"widget\" data-widget_type=\"text-editor.default\">\n\t\t\t\t<div class=\"elementor-widget-container\">\n\t\t\t\t\t\t\t<p>(Kierowniczka projektu)<\/p>\t\t\t\t\t\t<\/div>\n\t\t\t\t<\/div>\n\t\t\t\t<\/div>\n\t\t<div class=\"elementor-element elementor-element-d90630b e-con-full e-flex e-con e-child\" data-id=\"d90630b\" data-element_type=\"container\" data-settings=\"{&quot;background_background&quot;:&quot;classic&quot;}\">\n\t\t\t\t<div class=\"elementor-element elementor-element-04c090f elementor-widget elementor-widget-heading\" data-id=\"04c090f\" data-element_type=\"widget\" data-widget_type=\"heading.default\">\n\t\t\t\t<div class=\"elementor-widget-container\">\n\t\t\t<h3 class=\"elementor-heading-title elementor-size-default\">Dr. Akhmad Arifin Hadi, SP., MA. <\/h3>\t\t<\/div>\n\t\t\t\t<\/div>\n\t\t\t\t<div class=\"elementor-element elementor-element-4a9d212 elementor-widget elementor-widget-text-editor\" data-id=\"4a9d212\" data-element_type=\"widget\" data-widget_type=\"text-editor.default\">\n\t\t\t\t<div class=\"elementor-widget-container\">\n\t\t\t\t\t\t\t<p>(Koordynator projektu w Indonezji)\u00a0<\/p>\t\t\t\t\t\t<\/div>\n\t\t\t\t<\/div>\n\t\t\t\t<\/div>\n\t\t<div class=\"elementor-element elementor-element-efab8da e-con-full e-flex e-con e-child\" data-id=\"efab8da\" data-element_type=\"container\" data-settings=\"{&quot;background_background&quot;:&quot;classic&quot;}\">\n\t\t\t\t<div class=\"elementor-element elementor-element-7299a61 elementor-widget elementor-widget-heading\" data-id=\"7299a61\" data-element_type=\"widget\" data-widget_type=\"heading.default\">\n\t\t\t\t<div class=\"elementor-widget-container\">\n\t\t\t<h3 class=\"elementor-heading-title elementor-size-default\">Dr hab. in\u017c. Joanna Dudek-Klimiuk <\/h3>\t\t<\/div>\n\t\t\t\t<\/div>\n\t\t\t\t<\/div>\n\t\t<div class=\"elementor-element elementor-element-4031345 e-con-full e-flex e-con e-child\" data-id=\"4031345\" data-element_type=\"container\" data-settings=\"{&quot;background_background&quot;:&quot;classic&quot;}\">\n\t\t\t\t<div class=\"elementor-element elementor-element-6aaf240 elementor-widget elementor-widget-heading\" data-id=\"6aaf240\" data-element_type=\"widget\" data-widget_type=\"heading.default\">\n\t\t\t\t<div class=\"elementor-widget-container\">\n\t\t\t<h3 class=\"elementor-heading-title elementor-size-default\">Prof. dr. hab. Axel Schwerk <\/h3>\t\t<\/div>\n\t\t\t\t<\/div>\n\t\t\t\t<\/div>\n\t\t<div class=\"elementor-element elementor-element-91101c3 e-con-full e-flex e-con e-child\" data-id=\"91101c3\" data-element_type=\"container\" data-settings=\"{&quot;background_background&quot;:&quot;classic&quot;}\">\n\t\t\t\t<div class=\"elementor-element elementor-element-3189080 elementor-widget elementor-widget-heading\" data-id=\"3189080\" data-element_type=\"widget\" data-widget_type=\"heading.default\">\n\t\t\t\t<div class=\"elementor-widget-container\">\n\t\t\t<h3 class=\"elementor-heading-title elementor-size-default\">Dr hab. in\u017c. arch. kraj.  Renata Giedych <\/h3>\t\t<\/div>\n\t\t\t\t<\/div>\n\t\t\t\t<\/div>\n\t\t<div class=\"elementor-element elementor-element-62e4832 e-con-full e-flex e-con e-child\" data-id=\"62e4832\" data-element_type=\"container\" data-settings=\"{&quot;background_background&quot;:&quot;classic&quot;}\">\n\t\t\t\t<div class=\"elementor-element elementor-element-0795d16 elementor-widget elementor-widget-heading\" data-id=\"0795d16\" data-element_type=\"widget\" data-widget_type=\"heading.default\">\n\t\t\t\t<div class=\"elementor-widget-container\">\n\t\t\t<h3 class=\"elementor-heading-title elementor-size-default\">Dr. Ir. Nurhayati, MSc. <\/h3>\t\t<\/div>\n\t\t\t\t<\/div>\n\t\t\t\t<\/div>\n\t\t<div class=\"elementor-element elementor-element-70224a8 e-con-full e-flex e-con e-child\" data-id=\"70224a8\" data-element_type=\"container\" data-settings=\"{&quot;background_background&quot;:&quot;classic&quot;}\">\n\t\t\t\t<div class=\"elementor-element elementor-element-c656450 elementor-widget elementor-widget-heading\" data-id=\"c656450\" data-element_type=\"widget\" data-widget_type=\"heading.default\">\n\t\t\t\t<div class=\"elementor-widget-container\">\n\t\t\t<h3 class=\"elementor-heading-title elementor-size-default\">Dr in\u017c. arch. kraj. Izabela Dymitryszyn  <\/h3>\t\t<\/div>\n\t\t\t\t<\/div>\n\t\t\t\t<\/div>\n\t\t<div class=\"elementor-element elementor-element-35b6dad e-con-full e-flex e-con e-child\" data-id=\"35b6dad\" data-element_type=\"container\" data-settings=\"{&quot;background_background&quot;:&quot;classic&quot;}\">\n\t\t\t\t<div class=\"elementor-element elementor-element-998e3e6 elementor-widget elementor-widget-heading\" data-id=\"998e3e6\" data-element_type=\"widget\" data-widget_type=\"heading.default\">\n\t\t\t\t<div class=\"elementor-widget-container\">\n\t\t\t<h3 class=\"elementor-heading-title elementor-size-default\">Dr. Vera Dian Damayanti, SP., MLA. <\/h3>\t\t<\/div>\n\t\t\t\t<\/div>\n\t\t\t\t<\/div>\n\t\t<div class=\"elementor-element elementor-element-4a646d1 e-con-full e-flex e-con e-child\" data-id=\"4a646d1\" data-element_type=\"container\" data-settings=\"{&quot;background_background&quot;:&quot;classic&quot;}\">\n\t\t\t\t<div class=\"elementor-element elementor-element-0fa748c elementor-widget elementor-widget-heading\" data-id=\"0fa748c\" data-element_type=\"widget\" data-widget_type=\"heading.default\">\n\t\t\t\t<div class=\"elementor-widget-container\">\n\t\t\t<h3 class=\"elementor-heading-title elementor-size-default\">Dr. Kaswanto, SP., MSi. <\/h3>\t\t<\/div>\n\t\t\t\t<\/div>\n\t\t\t\t<\/div>\n\t\t<div class=\"elementor-element elementor-element-fbc9ad7 e-con-full e-flex e-con e-child\" data-id=\"fbc9ad7\" data-element_type=\"container\" data-settings=\"{&quot;background_background&quot;:&quot;classic&quot;}\">\n\t\t\t\t<div class=\"elementor-element elementor-element-8d25e47 elementor-widget elementor-widget-heading\" data-id=\"8d25e47\" data-element_type=\"widget\" data-widget_type=\"heading.default\">\n\t\t\t\t<div class=\"elementor-widget-container\">\n\t\t\t<h3 class=\"elementor-heading-title elementor-size-default\">Dr. Rosyi Damayanti Twinsari Maningtyas M.Pd: FIP, KSDP.<\/h3>\t\t<\/div>\n\t\t\t\t<\/div>\n\t\t\t\t<\/div>\n\t\t<div class=\"elementor-element elementor-element-e987744 e-con-full e-flex e-con e-child\" data-id=\"e987744\" data-element_type=\"container\" data-settings=\"{&quot;background_background&quot;:&quot;classic&quot;}\">\n\t\t\t\t<div class=\"elementor-element elementor-element-ecd9028 elementor-widget elementor-widget-heading\" data-id=\"ecd9028\" data-element_type=\"widget\" data-widget_type=\"heading.default\">\n\t\t\t\t<div class=\"elementor-widget-container\">\n\t\t\t<h3 class=\"elementor-heading-title elementor-size-default\">Dr in\u017c. Izabela Myszka  <\/h3>\t\t<\/div>\n\t\t\t\t<\/div>\n\t\t\t\t<\/div>\n\t\t<div class=\"elementor-element elementor-element-4cb1643 e-con-full e-flex e-con e-child\" data-id=\"4cb1643\" data-element_type=\"container\" data-settings=\"{&quot;background_background&quot;:&quot;classic&quot;}\">\n\t\t\t\t<div class=\"elementor-element elementor-element-03d3dfe elementor-widget elementor-widget-heading\" data-id=\"03d3dfe\" data-element_type=\"widget\" data-widget_type=\"heading.default\">\n\t\t\t\t<div class=\"elementor-widget-container\">\n\t\t\t<h3 class=\"elementor-heading-title elementor-size-default\">Dr in\u017c. arch. kraj. Jacek Krych <\/h3>\t\t<\/div>\n\t\t\t\t<\/div>\n\t\t\t\t<\/div>\n\t\t<div class=\"elementor-element elementor-element-3b7799f e-con-full e-flex e-con e-child\" data-id=\"3b7799f\" data-element_type=\"container\" data-settings=\"{&quot;background_background&quot;:&quot;classic&quot;}\">\n\t\t\t\t<div class=\"elementor-element elementor-element-f6bad81 elementor-widget elementor-widget-heading\" data-id=\"f6bad81\" data-element_type=\"widget\" data-widget_type=\"heading.default\">\n\t\t\t\t<div class=\"elementor-widget-container\">\n\t\t\t<h3 class=\"elementor-heading-title elementor-size-default\">Dr in\u017c. arch. kraj. Andrzej D\u0142ugo\u0144ski  <\/h3>\t\t<\/div>\n\t\t\t\t<\/div>\n\t\t\t\t<\/div>\n\t\t<div class=\"elementor-element elementor-element-ffd9a45 e-con-full e-flex e-con e-child\" data-id=\"ffd9a45\" data-element_type=\"container\" data-settings=\"{&quot;background_background&quot;:&quot;classic&quot;}\">\n\t\t\t\t<div class=\"elementor-element elementor-element-70c1975 elementor-widget elementor-widget-heading\" data-id=\"70c1975\" data-element_type=\"widget\" data-widget_type=\"heading.default\">\n\t\t\t\t<div class=\"elementor-widget-container\">\n\t\t\t<h3 class=\"elementor-heading-title elementor-size-default\">Prita Ayu Permatasari, SP, MSi <\/h3>\t\t<\/div>\n\t\t\t\t<\/div>\n\t\t\t\t<\/div>\n\t\t<div class=\"elementor-element elementor-element-15d4175 e-con-full e-flex e-con e-child\" data-id=\"15d4175\" data-element_type=\"container\" data-settings=\"{&quot;background_background&quot;:&quot;classic&quot;}\">\n\t\t\t\t<div class=\"elementor-element elementor-element-37149dd elementor-widget elementor-widget-heading\" data-id=\"37149dd\" data-element_type=\"widget\" data-widget_type=\"heading.default\">\n\t\t\t\t<div class=\"elementor-widget-container\">\n\t\t\t<h3 class=\"elementor-heading-title elementor-size-default\">Sholihin Nafar, SP, MSi <\/h3>\t\t<\/div>\n\t\t\t\t<\/div>\n\t\t\t\t<\/div>\n\t\t<div class=\"elementor-element elementor-element-047bbcc e-con-full e-flex e-con e-child\" data-id=\"047bbcc\" data-element_type=\"container\" data-settings=\"{&quot;background_background&quot;:&quot;classic&quot;}\">\n\t\t\t\t<div class=\"elementor-element elementor-element-7ee5125 elementor-widget elementor-widget-heading\" data-id=\"7ee5125\" data-element_type=\"widget\" data-widget_type=\"heading.default\">\n\t\t\t\t<div class=\"elementor-widget-container\">\n\t\t\t<h3 class=\"elementor-heading-title elementor-size-default\">Mgr in\u017c. Agata Jojczyk <\/h3>\t\t<\/div>\n\t\t\t\t<\/div>\n\t\t\t\t<\/div>\n\t\t<div class=\"elementor-element elementor-element-8a02ea7 e-con-full e-flex e-con e-child\" data-id=\"8a02ea7\" data-element_type=\"container\" data-settings=\"{&quot;background_background&quot;:&quot;classic&quot;}\">\n\t\t\t\t<div class=\"elementor-element elementor-element-479b840 elementor-widget elementor-widget-heading\" data-id=\"479b840\" data-element_type=\"widget\" data-widget_type=\"heading.default\">\n\t\t\t\t<div class=\"elementor-widget-container\">\n\t\t\t<h3 class=\"elementor-heading-title elementor-size-default\">Mgr in\u017c. Martyna Kaniewska-Go\u0142ek <\/h3>\t\t<\/div>\n\t\t\t\t<\/div>\n\t\t\t\t<\/div>\n\t\t\t\t<\/div>\n\t\t\t\t\t<\/div>\n\t\t\t\t<\/div>\n\t\t<div class=\"elementor-element elementor-element-9d8dc95 e-flex e-con-boxed e-con e-parent\" data-id=\"9d8dc95\" data-element_type=\"container\">\n\t\t\t\t\t<div class=\"e-con-inner\">\n\t\t\t\t<div class=\"elementor-element elementor-element-ecd704b elementor-widget elementor-widget-spacer\" data-id=\"ecd704b\" data-element_type=\"widget\" data-widget_type=\"spacer.default\">\n\t\t\t\t<div class=\"elementor-widget-container\">\n\t\t\t\t\t<div class=\"elementor-spacer\">\n\t\t\t<div class=\"elementor-spacer-inner\"><\/div>\n\t\t<\/div>\n\t\t\t\t<\/div>\n\t\t\t\t<\/div>\n\t\t\t\t<div class=\"elementor-element elementor-element-af666db elementor-widget elementor-widget-text-editor\" data-id=\"af666db\" data-element_type=\"widget\" data-widget_type=\"text-editor.default\">\n\t\t\t\t<div class=\"elementor-widget-container\">\n\t\t\t\t\t\t\t<p>Wsparcie jest finansowane ze \u015brodk\u00f3w Unii Europejskiej w ramach programu NAWA pn. KATAMARAN \u2013 Tworzenie i realizacja mi\u0119dzynarodowych program\u00f3w studi\u00f3w \u2013 nab\u00f3r 2024 (nr projektu FERS: FERS.01.05-IP.08-0436\/23)<\/p>\t\t\t\t\t\t<\/div>\n\t\t\t\t<\/div>\n\t\t\t\t\t<\/div>\n\t\t\t\t<\/div>\n\t\t<div class=\"elementor-element elementor-element-47abe91 e-flex e-con-boxed e-con e-parent\" data-id=\"47abe91\" data-element_type=\"container\">\n\t\t\t\t\t<div class=\"e-con-inner\">\n\t\t\t\t<div class=\"elementor-element elementor-element-2443ef5 elementor-widget elementor-widget-image\" data-id=\"2443ef5\" data-element_type=\"widget\" data-widget_type=\"image.default\">\n\t\t\t\t<div class=\"elementor-widget-container\">\n\t\t\t\t\t\t\t\t\t\t\t\t\t<img fetchpriority=\"high\" decoding=\"async\" width=\"1153\" height=\"127\" src=\"https:\/\/katamaran-indonesia.sggw.edu.pl\/wp-content\/uploads\/sites\/187\/2025\/07\/logo-typy.webp\" class=\"attachment-full size-full wp-image-2257\" alt=\"\" srcset=\"https:\/\/katamaran-indonesia.sggw.edu.pl\/wp-content\/uploads\/sites\/187\/2025\/07\/logo-typy.webp 1153w, https:\/\/katamaran-indonesia.sggw.edu.pl\/wp-content\/uploads\/sites\/187\/2025\/07\/logo-typy-300x33.webp 300w, https:\/\/katamaran-indonesia.sggw.edu.pl\/wp-content\/uploads\/sites\/187\/2025\/07\/logo-typy-1024x113.webp 1024w, https:\/\/katamaran-indonesia.sggw.edu.pl\/wp-content\/uploads\/sites\/187\/2025\/07\/logo-typy-768x85.webp 768w\" sizes=\"(max-width: 1153px) 100vw, 1153px\" \/>\t\t\t\t\t\t\t\t\t\t\t\t\t<\/div>\n\t\t\t\t<\/div>\n\t\t\t\t\t<\/div>\n\t\t\t\t<\/div>\n\t\t\t\t<\/div>\n\t\t","protected":false},"excerpt":{"rendered":"<p>Zesp\u00f3\u0142 projektowy Dr hab. in\u017c. arch. kraj. Beata Gawryszewska (Kierowniczka projektu) Dr. Akhmad Arifin Hadi, SP., MA. (Koordynator projektu w Indonezji)\u00a0 Dr hab. in\u017c. Joanna Dudek-Klimiuk Prof. dr. hab. Axel Schwerk Dr hab. in\u017c. arch. kraj. Renata Giedych Dr. Ir. Nurhayati, MSc. Dr in\u017c. arch. kraj. Izabela Dymitryszyn Dr. Vera Dian Damayanti, SP., MLA. Dr. [&hellip;]<\/p>\n","protected":false},"author":36601,"featured_media":0,"parent":0,"menu_order":0,"comment_status":"closed","ping_status":"closed","template":"","meta":{"_acf_changed":false,"footnotes":""},"class_list":["post-2369","page","type-page","status-publish","hentry"],"acf":[],"_links":{"self":[{"href":"https:\/\/katamaran-indonesia.sggw.edu.pl\/pl\/wp-json\/wp\/v2\/pages\/2369","targetHints":{"allow":["GET"]}}],"collection":[{"href":"https:\/\/katamaran-indonesia.sggw.edu.pl\/pl\/wp-json\/wp\/v2\/pages"}],"about":[{"href":"https:\/\/katamaran-indonesia.sggw.edu.pl\/pl\/wp-json\/wp\/v2\/types\/page"}],"author":[{"embeddable":true,"href":"https:\/\/katamaran-indonesia.sggw.edu.pl\/pl\/wp-json\/wp\/v2\/users\/36601"}],"replies":[{"embeddable":true,"href":"https:\/\/katamaran-indonesia.sggw.edu.pl\/pl\/wp-json\/wp\/v2\/comments?post=2369"}],"version-history":[{"count":22,"href":"https:\/\/katamaran-indonesia.sggw.edu.pl\/pl\/wp-json\/wp\/v2\/pages\/2369\/revisions"}],"predecessor-version":[{"id":2398,"href":"https:\/\/katamaran-indonesia.sggw.edu.pl\/pl\/wp-json\/wp\/v2\/pages\/2369\/revisions\/2398"}],"wp:attachment":[{"href":"https:\/\/katamaran-indonesia.sggw.edu.pl\/pl\/wp-json\/wp\/v2\/media?parent=2369"}],"curies":[{"name":"wp","href":"https:\/\/api.w.org\/{rel}","templated":true}]}}