{"id":2261,"date":"2025-07-29T11:09:26","date_gmt":"2025-07-29T09:09:26","guid":{"rendered":"https:\/\/katamaran-indonesia.sggw.edu.pl\/?page_id=2261"},"modified":"2026-03-09T10:52:21","modified_gmt":"2026-03-09T09:52:21","slug":"strona-glowna","status":"publish","type":"page","link":"https:\/\/katamaran-indonesia.sggw.edu.pl\/pl\/","title":{"rendered":"Strona g\u0142\u00f3wna"},"content":{"rendered":"\t\t<div data-elementor-type=\"wp-page\" data-elementor-id=\"2261\" class=\"elementor elementor-2261\" data-elementor-post-type=\"page\">\n\t\t\t\t<div class=\"elementor-element elementor-element-e5e6a1b e-flex e-con-boxed e-con e-parent\" data-id=\"e5e6a1b\" data-element_type=\"container\">\n\t\t\t\t\t<div class=\"e-con-inner\">\n\t\t<div class=\"elementor-element elementor-element-8a289bb e-con-full e-flex e-con e-child\" data-id=\"8a289bb\" data-element_type=\"container\">\n\t\t\t\t<div class=\"elementor-element elementor-element-135c38f elementor-widget elementor-widget-html\" data-id=\"135c38f\" data-element_type=\"widget\" data-widget_type=\"html.default\">\n\t\t\t\t<div class=\"elementor-widget-container\">\n\t\t\t<script>jQuery(document).ready(function($) {\r\n    \/\/ Rozwijanie aktywnych podmenu\r\n    $('.elementor-nav-menu--dropdown .menu-item.current-menu-ancestor > ul.sub-menu').show();\r\n\r\n    \/\/ Klikni\u0119cie na element menu z podmenu\r\n    $('.elementor-nav-menu--dropdown .menu-item.has-submenu > a').on('click', function(e) {\r\n        e.preventDefault();\r\n        var $submenu = $(this).siblings('.sub-menu');\r\n        if ($submenu.is(':visible')) {\r\n            $submenu.slideUp();\r\n        } else {\r\n            $('.elementor-nav-menu--dropdown .sub-menu').slideUp();\r\n            $submenu.slideDown();\r\n        }\r\n    });\r\n});\r\n<\/script>\t\t<\/div>\n\t\t\t\t<\/div>\n\t\t\t\t<div class=\"elementor-element elementor-element-613645f pionowe-menu elementor-nav-menu__text-align-aside elementor-widget elementor-widget-nav-menu\" data-id=\"613645f\" data-element_type=\"widget\" data-settings=\"{&quot;layout&quot;:&quot;dropdown&quot;,&quot;submenu_icon&quot;:{&quot;value&quot;:&quot;&lt;i class=\\&quot;fas fa-angle-down\\&quot;&gt;&lt;\\\/i&gt;&quot;,&quot;library&quot;:&quot;fa-solid&quot;}}\" data-widget_type=\"nav-menu.default\">\n\t\t\t\t<div class=\"elementor-widget-container\">\n\t\t\t\t\t\t<nav class=\"elementor-nav-menu--dropdown elementor-nav-menu__container\" aria-hidden=\"true\">\n\t\t\t\t<ul id=\"menu-2-613645f\" class=\"elementor-nav-menu\"><li class=\"menu-item menu-item-type-post_type menu-item-object-page menu-item-1256\"><a href=\"https:\/\/katamaran-indonesia.sggw.edu.pl\/pl\/o-wydziale\/\" class=\"elementor-item\" tabindex=\"-1\">O projekcie<\/a><\/li>\n<li class=\"menu-item menu-item-type-post_type menu-item-object-page menu-item-1255\"><a href=\"https:\/\/katamaran-indonesia.sggw.edu.pl\/pl\/harmonogram\/\" class=\"elementor-item\" tabindex=\"-1\">Harmonogram<\/a><\/li>\n<li class=\"menu-item menu-item-type-taxonomy menu-item-object-category menu-item-2073\"><a href=\"https:\/\/katamaran-indonesia.sggw.edu.pl\/pl\/category\/aktualnosci\/\" class=\"elementor-item\" tabindex=\"-1\">Aktualno\u015bci<\/a><\/li>\n<li class=\"menu-item menu-item-type-post_type menu-item-object-page menu-item-2395\"><a href=\"https:\/\/katamaran-indonesia.sggw.edu.pl\/pl\/zespol-projektowy\/\" class=\"elementor-item\" tabindex=\"-1\">Zesp\u00f3\u0142 projektowy<\/a><\/li>\n<li class=\"menu-item menu-item-type-post_type menu-item-object-page menu-item-2763\"><a href=\"https:\/\/katamaran-indonesia.sggw.edu.pl\/pl\/materialy-informacyjne\/\" class=\"elementor-item\" tabindex=\"-1\">Materia\u0142y Informacyjne<\/a><\/li>\n<\/ul>\t\t\t<\/nav>\n\t\t\t\t<\/div>\n\t\t\t\t<\/div>\n\t\t\t\t<\/div>\n\t\t<div class=\"elementor-element elementor-element-3e6c1a9 e-con-full e-flex e-con e-child\" data-id=\"3e6c1a9\" data-element_type=\"container\">\n\t\t\t\t<div class=\"elementor-element elementor-element-8f1435a elementor-widget elementor-widget-spacer\" data-id=\"8f1435a\" data-element_type=\"widget\" data-widget_type=\"spacer.default\">\n\t\t\t\t<div class=\"elementor-widget-container\">\n\t\t\t\t\t<div class=\"elementor-spacer\">\n\t\t\t<div class=\"elementor-spacer-inner\"><\/div>\n\t\t<\/div>\n\t\t\t\t<\/div>\n\t\t\t\t<\/div>\n\t\t\t\t<div class=\"elementor-element elementor-element-49f0339 elementor-widget elementor-widget-heading\" data-id=\"49f0339\" data-element_type=\"widget\" data-widget_type=\"heading.default\">\n\t\t\t\t<div class=\"elementor-widget-container\">\n\t\t\t<h1 class=\"elementor-heading-title elementor-size-default\">Katamaran Indonesia<\/h1>\t\t<\/div>\n\t\t\t\t<\/div>\n\t\t\t\t<div class=\"elementor-element elementor-element-3e21c31 elementor-widget elementor-widget-image\" data-id=\"3e21c31\" data-element_type=\"widget\" data-widget_type=\"image.default\">\n\t\t\t\t<div class=\"elementor-widget-container\">\n\t\t\t\t\t\t\t\t\t\t\t\t\t<img fetchpriority=\"high\" decoding=\"async\" width=\"1081\" height=\"515\" src=\"https:\/\/katamaran-indonesia.sggw.edu.pl\/wp-content\/uploads\/sites\/187\/2025\/07\/Katamaran-baner-2-1.webp\" class=\"attachment-full size-full wp-image-2263\" alt=\"\" srcset=\"https:\/\/katamaran-indonesia.sggw.edu.pl\/wp-content\/uploads\/sites\/187\/2025\/07\/Katamaran-baner-2-1.webp 1081w, https:\/\/katamaran-indonesia.sggw.edu.pl\/wp-content\/uploads\/sites\/187\/2025\/07\/Katamaran-baner-2-1-300x143.webp 300w, https:\/\/katamaran-indonesia.sggw.edu.pl\/wp-content\/uploads\/sites\/187\/2025\/07\/Katamaran-baner-2-1-1024x488.webp 1024w, https:\/\/katamaran-indonesia.sggw.edu.pl\/wp-content\/uploads\/sites\/187\/2025\/07\/Katamaran-baner-2-1-768x366.webp 768w\" sizes=\"(max-width: 1081px) 100vw, 1081px\" \/>\t\t\t\t\t\t\t\t\t\t\t\t\t<\/div>\n\t\t\t\t<\/div>\n\t\t\t\t<\/div>\n\t\t\t\t\t<\/div>\n\t\t\t\t<\/div>\n\t\t<div class=\"elementor-element elementor-element-cf67728 e-flex e-con-boxed e-con e-parent\" data-id=\"cf67728\" data-element_type=\"container\">\n\t\t\t\t\t<div class=\"e-con-inner\">\n\t\t\t\t<div class=\"elementor-element elementor-element-1dfaf09 elementor-widget elementor-widget-text-editor\" data-id=\"1dfaf09\" data-element_type=\"widget\" data-widget_type=\"text-editor.default\">\n\t\t\t\t<div class=\"elementor-widget-container\">\n\t\t\t\t\t\t\t<p>Wsparcie jest finansowane ze \u015brodk\u00f3w Unii Europejskiej w ramach programu NAWA pn. KATAMARAN \u2013 Tworzenie i realizacja mi\u0119dzynarodowych program\u00f3w studi\u00f3w &#8211; nab\u00f3r 2024 (nr projektu FERS: FERS.01.05-IP.08-0436\/23)<\/p>\t\t\t\t\t\t<\/div>\n\t\t\t\t<\/div>\n\t\t\t\t<div class=\"elementor-element elementor-element-079213a elementor-widget elementor-widget-image\" data-id=\"079213a\" data-element_type=\"widget\" data-widget_type=\"image.default\">\n\t\t\t\t<div class=\"elementor-widget-container\">\n\t\t\t\t\t\t\t\t\t\t\t\t\t<img decoding=\"async\" width=\"1153\" height=\"127\" src=\"https:\/\/katamaran-indonesia.sggw.edu.pl\/wp-content\/uploads\/sites\/187\/2025\/07\/logo-typy.webp\" class=\"attachment-full size-full wp-image-2257\" alt=\"\" srcset=\"https:\/\/katamaran-indonesia.sggw.edu.pl\/wp-content\/uploads\/sites\/187\/2025\/07\/logo-typy.webp 1153w, https:\/\/katamaran-indonesia.sggw.edu.pl\/wp-content\/uploads\/sites\/187\/2025\/07\/logo-typy-300x33.webp 300w, https:\/\/katamaran-indonesia.sggw.edu.pl\/wp-content\/uploads\/sites\/187\/2025\/07\/logo-typy-1024x113.webp 1024w, https:\/\/katamaran-indonesia.sggw.edu.pl\/wp-content\/uploads\/sites\/187\/2025\/07\/logo-typy-768x85.webp 768w\" sizes=\"(max-width: 1153px) 100vw, 1153px\" \/>\t\t\t\t\t\t\t\t\t\t\t\t\t<\/div>\n\t\t\t\t<\/div>\n\t\t\t\t\t<\/div>\n\t\t\t\t<\/div>\n\t\t\t\t<\/div>\n\t\t","protected":false},"excerpt":{"rendered":"<p>Katamaran Indonesia Wsparcie jest finansowane ze \u015brodk\u00f3w Unii Europejskiej w ramach programu NAWA pn. KATAMARAN \u2013 Tworzenie i realizacja mi\u0119dzynarodowych program\u00f3w studi\u00f3w &#8211; nab\u00f3r 2024 (nr projektu FERS: FERS.01.05-IP.08-0436\/23)<\/p>\n","protected":false},"author":36601,"featured_media":0,"parent":0,"menu_order":0,"comment_status":"closed","ping_status":"closed","template":"","meta":{"_acf_changed":false,"footnotes":""},"class_list":["post-2261","page","type-page","status-publish","hentry"],"acf":[],"_links":{"self":[{"href":"https:\/\/katamaran-indonesia.sggw.edu.pl\/pl\/wp-json\/wp\/v2\/pages\/2261","targetHints":{"allow":["GET"]}}],"collection":[{"href":"https:\/\/katamaran-indonesia.sggw.edu.pl\/pl\/wp-json\/wp\/v2\/pages"}],"about":[{"href":"https:\/\/katamaran-indonesia.sggw.edu.pl\/pl\/wp-json\/wp\/v2\/types\/page"}],"author":[{"embeddable":true,"href":"https:\/\/katamaran-indonesia.sggw.edu.pl\/pl\/wp-json\/wp\/v2\/users\/36601"}],"replies":[{"embeddable":true,"href":"https:\/\/katamaran-indonesia.sggw.edu.pl\/pl\/wp-json\/wp\/v2\/comments?post=2261"}],"version-history":[{"count":11,"href":"https:\/\/katamaran-indonesia.sggw.edu.pl\/pl\/wp-json\/wp\/v2\/pages\/2261\/revisions"}],"predecessor-version":[{"id":2571,"href":"https:\/\/katamaran-indonesia.sggw.edu.pl\/pl\/wp-json\/wp\/v2\/pages\/2261\/revisions\/2571"}],"wp:attachment":[{"href":"https:\/\/katamaran-indonesia.sggw.edu.pl\/pl\/wp-json\/wp\/v2\/media?parent=2261"}],"curies":[{"name":"wp","href":"https:\/\/api.w.org\/{rel}","templated":true}]}}