{"id":2273,"date":"2021-03-18T13:19:12","date_gmt":"2021-03-18T12:19:12","guid":{"rendered":"https:\/\/katamaran-indonesia.sggw.edu.pl\/?page_id=2273"},"modified":"2025-07-29T13:59:06","modified_gmt":"2025-07-29T11:59:06","slug":"about-the-project","status":"publish","type":"page","link":"https:\/\/katamaran-indonesia.sggw.edu.pl\/en\/about-the-project\/","title":{"rendered":"About the project"},"content":{"rendered":"\t\t<div data-elementor-type=\"wp-page\" data-elementor-id=\"2273\" class=\"elementor elementor-2273\" data-elementor-post-type=\"page\">\n\t\t\t\t<div class=\"elementor-element elementor-element-8696355 e-flex e-con-boxed e-con e-parent\" data-id=\"8696355\" data-element_type=\"container\">\n\t\t\t\t\t<div class=\"e-con-inner\">\n\t\t<div class=\"elementor-element elementor-element-000990d e-con-full e-flex e-con e-child\" data-id=\"000990d\" data-element_type=\"container\">\n\t\t\t\t<div class=\"elementor-element elementor-element-2aabf55 elementor-widget elementor-widget-html\" data-id=\"2aabf55\" data-element_type=\"widget\" data-widget_type=\"html.default\">\n\t\t\t\t<div class=\"elementor-widget-container\">\n\t\t\t<script>jQuery(document).ready(function($) {\r\n    \/\/ Rozwijanie aktywnych podmenu\r\n    $('.elementor-nav-menu--dropdown .menu-item.current-menu-ancestor > ul.sub-menu').show();\r\n\r\n    \/\/ Klikni\u0119cie na element menu z podmenu\r\n    $('.elementor-nav-menu--dropdown .menu-item.has-submenu > a').on('click', function(e) {\r\n        e.preventDefault();\r\n        var $submenu = $(this).siblings('.sub-menu');\r\n        if ($submenu.is(':visible')) {\r\n            $submenu.slideUp();\r\n        } else {\r\n            $('.elementor-nav-menu--dropdown .sub-menu').slideUp();\r\n            $submenu.slideDown();\r\n        }\r\n    });\r\n});\r\n<\/script>\t\t<\/div>\n\t\t\t\t<\/div>\n\t\t\t\t<div class=\"elementor-element elementor-element-855a9b5 pionowe-menu elementor-nav-menu__text-align-aside elementor-widget elementor-widget-nav-menu\" data-id=\"855a9b5\" data-element_type=\"widget\" data-settings=\"{&quot;layout&quot;:&quot;dropdown&quot;,&quot;submenu_icon&quot;:{&quot;value&quot;:&quot;&lt;i class=\\&quot;fas fa-angle-down\\&quot;&gt;&lt;\\\/i&gt;&quot;,&quot;library&quot;:&quot;fa-solid&quot;}}\" data-widget_type=\"nav-menu.default\">\n\t\t\t\t<div class=\"elementor-widget-container\">\n\t\t\t\t\t\t<nav class=\"elementor-nav-menu--dropdown elementor-nav-menu__container\" aria-hidden=\"true\">\n\t\t\t\t<ul id=\"menu-2-855a9b5\" class=\"elementor-nav-menu\"><li class=\"menu-item menu-item-type-post_type menu-item-object-page menu-item-1256\"><a href=\"https:\/\/katamaran-indonesia.sggw.edu.pl\/pl\/o-wydziale\/\" class=\"elementor-item\" tabindex=\"-1\">About the project<\/a><\/li>\n<li class=\"menu-item menu-item-type-taxonomy menu-item-object-category menu-item-2073\"><a href=\"https:\/\/katamaran-indonesia.sggw.edu.pl\/pl\/category\/aktualnosci\/\" class=\"elementor-item\" tabindex=\"-1\">Aktualno\u015bci<\/a><\/li>\n<li class=\"menu-item menu-item-type-post_type menu-item-object-page menu-item-2395\"><a href=\"https:\/\/katamaran-indonesia.sggw.edu.pl\/pl\/zespol-projektowy\/\" class=\"elementor-item\" tabindex=\"-1\">Project team<\/a><\/li>\n<li class=\"menu-item menu-item-type-post_type menu-item-object-page menu-item-2763\"><a href=\"https:\/\/katamaran-indonesia.sggw.edu.pl\/pl\/materialy-informacyjne\/\" class=\"elementor-item\" tabindex=\"-1\">Information Materials<\/a><\/li>\n<\/ul>\t\t\t<\/nav>\n\t\t\t\t<\/div>\n\t\t\t\t<\/div>\n\t\t\t\t<\/div>\n\t\t<div class=\"elementor-element elementor-element-34a9253 e-con-full e-flex e-con e-child\" data-id=\"34a9253\" data-element_type=\"container\">\n\t\t\t\t<div class=\"elementor-element elementor-element-add0123 elementor-widget elementor-widget-spacer\" data-id=\"add0123\" data-element_type=\"widget\" data-widget_type=\"spacer.default\">\n\t\t\t\t<div class=\"elementor-widget-container\">\n\t\t\t\t\t<div class=\"elementor-spacer\">\n\t\t\t<div class=\"elementor-spacer-inner\"><\/div>\n\t\t<\/div>\n\t\t\t\t<\/div>\n\t\t\t\t<\/div>\n\t\t\t\t<div class=\"elementor-element elementor-element-e8bbd4b elementor-widget elementor-widget-heading\" data-id=\"e8bbd4b\" data-element_type=\"widget\" data-widget_type=\"heading.default\">\n\t\t\t\t<div class=\"elementor-widget-container\">\n\t\t\t<h1 class=\"elementor-heading-title elementor-size-default\">About the project<\/h1>\t\t<\/div>\n\t\t\t\t<\/div>\n\t\t\t\t<div class=\"elementor-element elementor-element-11ba032 elementor-widget elementor-widget-heading\" data-id=\"11ba032\" data-element_type=\"widget\" data-widget_type=\"heading.default\">\n\t\t\t\t<div class=\"elementor-widget-container\">\n\t\t\t<h2 class=\"elementor-heading-title elementor-size-default\">Polish-Indonesian double master's degree in landscape architecture - landscape architecture under planetary climate change conditions<\/h2>\t\t<\/div>\n\t\t\t\t<\/div>\n\t\t\t\t<div class=\"elementor-element elementor-element-f3675b2 elementor-widget elementor-widget-text-editor\" data-id=\"f3675b2\" data-element_type=\"widget\" data-widget_type=\"text-editor.default\">\n\t\t\t\t<div class=\"elementor-widget-container\">\n\t\t\t\t\t\t\t<p>The study programme being developed by the Project aims to educate future landscape architects who will be prepared to work in different climate zones, from the temperate climate in Poland to the tropical conditions in Indonesia. The programme covers, among other topics, biodiversity conservation, green infrastructure, climate change adaptation and sustainable urban development.<\/p><p><strong>Double degree from SGGW and IPB<\/strong><\/p><p>The studies will last three semesters in Poland and four semesters in Indonesia. Graduates will receive a double diploma &#8211; from SGGW and IPB. Classes will be conducted in English, which will increase their international character and attractiveness on the labour market. The study programme will include both classical didactic methods and modern technologies, such as virtual reality (VR) and remote sensing with drones. These will enable students to gain practical insights into landscapes around the world.<\/p><p>The study will include academic exchanges, both of students and academic staff, which will strengthen international cooperation and the sharing of experiences between universities.<\/p><p>The project started on 1 October 2024 and is scheduled to end on 31 March 2026.The project has been developed in response to the growing needs of the labour market, which is looking for landscape architecture professionals capable of addressing the challenges of global climate change.<\/p><p>Na potrzeby projektu utworzony zosta\u0142 Zesp\u00f3\u0142 Projektowy (ZP): ze strony SGGW kierowniczka projektu dr hab. Beata Gawryszewska oraz do\u015bwiadczeni pracownicy Instytutu In\u017cynierii \u015arodowiska, a ze strony Partnera koordynator dr Akhmad Arifin Hadi oraz do\u015bwiadczeni pracownicy Fakultas Pertanian IPB.<\/p><p><strong>Project value PLN 633,335.00<\/strong><\/p>\t\t\t\t\t\t<\/div>\n\t\t\t\t<\/div>\n\t\t\t\t<\/div>\n\t\t\t\t\t<\/div>\n\t\t\t\t<\/div>\n\t\t<div class=\"elementor-element elementor-element-52b29b3 e-flex e-con-boxed e-con e-parent\" data-id=\"52b29b3\" data-element_type=\"container\">\n\t\t\t\t\t<div class=\"e-con-inner\">\n\t\t\t\t<div class=\"elementor-element elementor-element-e1c5699 elementor-widget elementor-widget-spacer\" data-id=\"e1c5699\" data-element_type=\"widget\" data-widget_type=\"spacer.default\">\n\t\t\t\t<div class=\"elementor-widget-container\">\n\t\t\t\t\t<div class=\"elementor-spacer\">\n\t\t\t<div class=\"elementor-spacer-inner\"><\/div>\n\t\t<\/div>\n\t\t\t\t<\/div>\n\t\t\t\t<\/div>\n\t\t\t\t\t<\/div>\n\t\t\t\t<\/div>\n\t\t<div class=\"elementor-element elementor-element-f52d256 e-flex e-con-boxed e-con e-parent\" data-id=\"f52d256\" data-element_type=\"container\">\n\t\t\t\t\t<div class=\"e-con-inner\">\n\t\t\t\t<div class=\"elementor-element elementor-element-9d0b5e8 elementor-widget elementor-widget-text-editor\" data-id=\"9d0b5e8\" data-element_type=\"widget\" data-widget_type=\"text-editor.default\">\n\t\t\t\t<div class=\"elementor-widget-container\">\n\t\t\t\t\t\t\t<p>Wsparcie jest finansowane ze \u015brodk\u00f3w Unii Europejskiej w ramach programu NAWA pn. KATAMARAN \u2013 Tworzenie i realizacja mi\u0119dzynarodowych program\u00f3w studi\u00f3w &#8211; nab\u00f3r 2024 (nr projektu FERS: FERS.01.05-IP.08-0436\/23)<\/p>\t\t\t\t\t\t<\/div>\n\t\t\t\t<\/div>\n\t\t\t\t<div class=\"elementor-element elementor-element-0c14d4b elementor-widget elementor-widget-image\" data-id=\"0c14d4b\" data-element_type=\"widget\" data-widget_type=\"image.default\">\n\t\t\t\t<div class=\"elementor-widget-container\">\n\t\t\t\t\t\t\t\t\t\t\t\t\t<img fetchpriority=\"high\" decoding=\"async\" width=\"1153\" height=\"127\" src=\"https:\/\/katamaran-indonesia.sggw.edu.pl\/wp-content\/uploads\/sites\/187\/2024\/11\/logo-typy.webp\" class=\"attachment-full size-full wp-image-2094\" alt=\"\" srcset=\"https:\/\/katamaran-indonesia.sggw.edu.pl\/wp-content\/uploads\/sites\/187\/2024\/11\/logo-typy.webp 1153w, https:\/\/katamaran-indonesia.sggw.edu.pl\/wp-content\/uploads\/sites\/187\/2024\/11\/logo-typy-300x33.webp 300w, https:\/\/katamaran-indonesia.sggw.edu.pl\/wp-content\/uploads\/sites\/187\/2024\/11\/logo-typy-1024x113.webp 1024w, https:\/\/katamaran-indonesia.sggw.edu.pl\/wp-content\/uploads\/sites\/187\/2024\/11\/logo-typy-768x85.webp 768w\" sizes=\"(max-width: 1153px) 100vw, 1153px\" \/>\t\t\t\t\t\t\t\t\t\t\t\t\t<\/div>\n\t\t\t\t<\/div>\n\t\t\t\t\t<\/div>\n\t\t\t\t<\/div>\n\t\t\t\t<\/div>\n\t\t","protected":false},"excerpt":{"rendered":"<p>About the project Polish-Indonesian double master&#8217;s degree in landscape architecture &#8211; landscape architecture under planetary climate change conditions The study programme being developed by the Project aims to educate future landscape architects who will be prepared to work in different climate zones, from the temperate climate in Poland to the tropical conditions in Indonesia. The [&hellip;]<\/p>\n","protected":false},"author":36601,"featured_media":0,"parent":0,"menu_order":0,"comment_status":"closed","ping_status":"closed","template":"","meta":{"_acf_changed":false,"footnotes":""},"class_list":["post-2273","page","type-page","status-publish","hentry"],"acf":[],"_links":{"self":[{"href":"https:\/\/katamaran-indonesia.sggw.edu.pl\/en\/wp-json\/wp\/v2\/pages\/2273","targetHints":{"allow":["GET"]}}],"collection":[{"href":"https:\/\/katamaran-indonesia.sggw.edu.pl\/en\/wp-json\/wp\/v2\/pages"}],"about":[{"href":"https:\/\/katamaran-indonesia.sggw.edu.pl\/en\/wp-json\/wp\/v2\/types\/page"}],"author":[{"embeddable":true,"href":"https:\/\/katamaran-indonesia.sggw.edu.pl\/en\/wp-json\/wp\/v2\/users\/36601"}],"replies":[{"embeddable":true,"href":"https:\/\/katamaran-indonesia.sggw.edu.pl\/en\/wp-json\/wp\/v2\/comments?post=2273"}],"version-history":[{"count":4,"href":"https:\/\/katamaran-indonesia.sggw.edu.pl\/en\/wp-json\/wp\/v2\/pages\/2273\/revisions"}],"predecessor-version":[{"id":2278,"href":"https:\/\/katamaran-indonesia.sggw.edu.pl\/en\/wp-json\/wp\/v2\/pages\/2273\/revisions\/2278"}],"wp:attachment":[{"href":"https:\/\/katamaran-indonesia.sggw.edu.pl\/en\/wp-json\/wp\/v2\/media?parent=2273"}],"curies":[{"name":"wp","href":"https:\/\/api.w.org\/{rel}","templated":true}]}}